{"id":297,"date":"2024-04-17T01:25:08","date_gmt":"2024-04-16T23:25:08","guid":{"rendered":"https:\/\/evo.drburgener.com\/?page_id=297"},"modified":"2024-05-20T14:40:11","modified_gmt":"2024-05-20T12:40:11","slug":"clinic-b-medic","status":"publish","type":"page","link":"https:\/\/drburgener.com\/fr\/clinic-b-medic\/","title":{"rendered":"Clinic-b-medic"},"content":{"rendered":"\n\n  <div class=\"banner has-hover has-parallax\" id=\"banner-397835927\">\n          <div class=\"banner-inner fill\">\n        <div class=\"banner-bg fill\" data-parallax=\"-4\" data-parallax-container=\".banner\" data-parallax-background>\n            <img fetchpriority=\"high\" decoding=\"async\" width=\"2560\" height=\"1707\" src=\"https:\/\/drburgener.com\/wp-content\/uploads\/2024\/05\/CliniqueBurgener-43-1-scaled.jpg\" class=\"bg attachment-original size-original\" alt=\"\" \/>                        <div class=\"overlay\"><\/div>            \n                    <\/div>\n\t\t\n        <div class=\"banner-layers container\">\n            <div class=\"fill banner-link\"><\/div>            \n\n   <div id=\"text-box-1037597747\" class=\"text-box banner-layer x5 md-x5 lg-x5 y95 md-y85 lg-y85 res-text\">\n                     <div data-animate=\"fadeInLeft\">           <div class=\"text-box-content text dark\">\n              \n              <div class=\"text-inner text-left\">\n                  \n\n<h2>MEDICAL BEAUTY CLINIC<\/h2>\n\n              <\/div>\n           <\/div>\n       <\/div>                     \n<style>\n#text-box-1037597747 .text-inner {\n  padding: 30px 30px 30px 30px;\n}\n#text-box-1037597747 {\n  width: 90%;\n}\n#text-box-1037597747 .text-box-content {\n  font-size: 100%;\n}\n@media (min-width:550px) {\n  #text-box-1037597747 {\n    width: 55%;\n  }\n}\n<\/style>\n    <\/div>\n \n\n        <\/div>\n      <\/div>\n\n            \n<style>\n#banner-397835927 {\n  padding-top: 637px;\n}\n#banner-397835927 .overlay {\n  background-color: rgba(0, 0, 0, 0.227);\n}\n#banner-397835927 .banner-bg img {\n  object-position: 62% 60%;\n}\n<\/style>\n  <\/div>\n\n\n\n\t<section class=\"section\" id=\"section_791700865\">\n\t\t<div class=\"section-bg fill\" >\n\t\t\t\t\t\t\t\t\t<div class=\"section-bg-overlay absolute fill\"><\/div>\n\t\t\t\n\n\t\t<\/div>\n\n\t\t\n\n\t\t<div class=\"section-content relative\">\n\t\t\t\n\n<div class=\"row row-large align-middle align-center\"  id=\"row-583549597\">\n\n\n\t<div id=\"col-138531252\" class=\"col medium-9 small-12 large-9\"  >\n\t\t\t\t<div class=\"col-inner text-left\"  >\n\t\t\t\n\t\t\t\n\n<p style=\"text-align: center;\">B-mediC se place aujourd\u2019hui au carrefour de la m\u00e9decine pr\u00e9ventive et r\u00e9g\u00e9n\u00e9rative, de la m\u00e9decine esth\u00e9tique, de la chirurgie plastique et des soins visage et corps derni\u00e8re g\u00e9n\u00e9ration. Profitant des techniques les plus innovantes et efficaces, les approches sont plus avant-gardistes et scientifiques que jamais, pour mieux vous accompagner.<\/p>\n\n\t\t<\/div>\n\t\t\t\t\t<\/div>\n\n\t\n\n<\/div>\n<div class=\"row\"  id=\"row-208518331\">\n\n\n\t<div id=\"col-254044181\" class=\"col medium-6 small-12 large-6\"  >\n\t\t\t\t<div class=\"col-inner\"  >\n\t\t\t\n\t\t\t\n\n\n  <div class=\"banner has-hover\" id=\"banner-1715533359\">\n          <div class=\"banner-inner fill\">\n        <div class=\"banner-bg fill\" >\n            <img decoding=\"async\" width=\"534\" height=\"800\" src=\"https:\/\/drburgener.com\/wp-content\/uploads\/2024\/04\/download-11.jpg\" class=\"bg attachment-large size-large\" alt=\"\" \/>                                    \n                    <\/div>\n\t\t\n        <div class=\"banner-layers container\">\n            <div class=\"fill banner-link\"><\/div>            \n\n   <div id=\"text-box-141689897\" class=\"text-box banner-layer x10 md-x10 lg-x10 y90 md-y90 lg-y90 res-text\">\n                                <div class=\"text-box-content text dark\">\n              \n              <div class=\"text-inner text-left\">\n                  \n\n<h3 class=\"uppercase\"><strong>D\u00e9couvrez B-Medic<\/strong><\/h3>\n<a href=\"https:\/\/www.b-medic.ch\" target=\"_blank\" class=\"button white is-bevel is-larger\" rel=\"noopener\" style=\"border-radius:10px;\">\n\t\t<span>D\u00e9couvrir<\/span>\n\t<\/a>\n\n\n\n              <\/div>\n           <\/div>\n                            \n<style>\n#text-box-141689897 {\n  width: 60%;\n}\n#text-box-141689897 .text-box-content {\n  font-size: 100%;\n}\n<\/style>\n    <\/div>\n \n\n        <\/div>\n      <\/div>\n\n            \n<style>\n#banner-1715533359 {\n  padding-top: 350px;\n}\n<\/style>\n  <\/div>\n\n\n\n\t\t<\/div>\n\t\t\t\t\t<\/div>\n\n\t\n\n\t<div id=\"col-1064018587\" class=\"col medium-6 small-12 large-6\"  >\n\t\t\t\t<div class=\"col-inner\"  >\n\t\t\t\n\t\t\t\n\n\n  <div class=\"banner has-hover\" id=\"banner-2134688480\">\n          <div class=\"banner-inner fill\">\n        <div class=\"banner-bg fill\" >\n            <img decoding=\"async\" width=\"1020\" height=\"680\" src=\"https:\/\/drburgener.com\/wp-content\/uploads\/2024\/04\/Unknown-1024x683.jpeg\" class=\"bg attachment-large size-large\" alt=\"\" \/>                                    \n                    <\/div>\n\t\t\n        <div class=\"banner-layers container\">\n            <div class=\"fill banner-link\"><\/div>            \n\n   <div id=\"text-box-1127841998\" class=\"text-box banner-layer x10 md-x10 lg-x10 y90 md-y90 lg-y90 res-text\">\n                                <div class=\"text-box-content text dark\">\n              \n              <div class=\"text-inner text-left\">\n                  \n\n<h3 class=\"uppercase\"><strong>Menu des traitements<\/strong><\/h3>\n<a href=\"https:\/\/drburgener.com\/wp-content\/uploads\/2024\/05\/20-05-2024_Drb_HC_MENU_B-MEDIC.pdf\" class=\"button white is-bevel is-larger\" style=\"border-radius:10px;\">\n\t\t<span>D\u00e9couvrir<\/span>\n\t<\/a>\n\n\n\n              <\/div>\n           <\/div>\n                            \n<style>\n#text-box-1127841998 {\n  width: 60%;\n}\n#text-box-1127841998 .text-box-content {\n  font-size: 100%;\n}\n<\/style>\n    <\/div>\n \n\n        <\/div>\n      <\/div>\n\n            \n<style>\n#banner-2134688480 {\n  padding-top: 350px;\n}\n<\/style>\n  <\/div>\n\n\n\n\t\t<\/div>\n\t\t\t\t\t<\/div>\n\n\t\n\n<\/div>\n<div class=\"row row-large align-middle\"  id=\"row-1128725855\">\n\n\n\t<div id=\"col-1513441659\" class=\"col medium-6 small-12 large-6\"  >\n\t\t\t\t<div class=\"col-inner\"  >\n\t\t\t\n\t\t\t\n\n\t<div class=\"img has-hover x md-x lg-x y md-y lg-y\" id=\"image_1722390084\">\n\t\t\t\t\t\t\t\t<div class=\"img-inner box-shadow-2 dark\" >\n\t\t\t\t\t\t\t\t\t\n\t\t\t\t\t<\/div>\n\t\t\t\t\t\t\t\t\n<style>\n#image_1722390084 {\n  width: 100%;\n}\n<\/style>\n\t<\/div>\n\t\n\n\n\t\t<\/div>\n\t\t\t\t\t<\/div>\n\n\t\n\n<\/div>\n\n\t\t<\/div>\n\n\t\t\n<style>\n#section_791700865 {\n  padding-top: 60px;\n  padding-bottom: 60px;\n  background-color: rgb(255, 255, 255);\n}\n#section_791700865 .section-bg-overlay {\n  background-color: rgba(255, 255, 255, 0.85);\n}\n<\/style>\n\t<\/section>\n\t\n\n","protected":false},"excerpt":{"rendered":"","protected":false},"author":2018,"featured_media":0,"parent":0,"menu_order":0,"comment_status":"closed","ping_status":"closed","template":"page-blank.php","meta":{"_acf_changed":false,"_monsterinsights_skip_tracking":false,"_monsterinsights_sitenote_active":false,"_monsterinsights_sitenote_note":"","_monsterinsights_sitenote_category":0,"footnotes":""},"class_list":["post-297","page","type-page","status-publish","hentry"],"acf":[],"_links":{"self":[{"href":"https:\/\/drburgener.com\/fr\/wp-json\/wp\/v2\/pages\/297","targetHints":{"allow":["GET"]}}],"collection":[{"href":"https:\/\/drburgener.com\/fr\/wp-json\/wp\/v2\/pages"}],"about":[{"href":"https:\/\/drburgener.com\/fr\/wp-json\/wp\/v2\/types\/page"}],"author":[{"embeddable":true,"href":"https:\/\/drburgener.com\/fr\/wp-json\/wp\/v2\/users\/2018"}],"replies":[{"embeddable":true,"href":"https:\/\/drburgener.com\/fr\/wp-json\/wp\/v2\/comments?post=297"}],"version-history":[{"count":5,"href":"https:\/\/drburgener.com\/fr\/wp-json\/wp\/v2\/pages\/297\/revisions"}],"predecessor-version":[{"id":5577,"href":"https:\/\/drburgener.com\/fr\/wp-json\/wp\/v2\/pages\/297\/revisions\/5577"}],"wp:attachment":[{"href":"https:\/\/drburgener.com\/fr\/wp-json\/wp\/v2\/media?parent=297"}],"curies":[{"name":"wp","href":"https:\/\/api.w.org\/{rel}","templated":true}]}}