{"id":318,"date":"2024-04-17T01:41:50","date_gmt":"2024-04-16T23:41:50","guid":{"rendered":"https:\/\/evo.drburgener.com\/?page_id=318"},"modified":"2024-05-13T01:23:22","modified_gmt":"2024-05-12T23:23:22","slug":"notre-histoire","status":"publish","type":"page","link":"https:\/\/drburgener.com\/fr\/notre-histoire\/","title":{"rendered":"Notre histoire"},"content":{"rendered":"\n\n  <div class=\"banner has-hover has-parallax\" id=\"banner-1966934246\">\n          <div class=\"banner-inner fill\">\n        <div class=\"banner-bg fill\" data-parallax=\"-4\" data-parallax-container=\".banner\" data-parallax-background>\n            <img fetchpriority=\"high\" decoding=\"async\" width=\"1198\" height=\"800\" src=\"https:\/\/drburgener.com\/wp-content\/uploads\/2024\/04\/Unknown-1.jpeg\" class=\"bg attachment-original size-original\" alt=\"\" \/>                        <div class=\"overlay\"><\/div>            \n                    <\/div>\n\t\t\n        <div class=\"banner-layers container\">\n            <div class=\"fill banner-link\"><\/div>            \n\n   <div id=\"text-box-354537973\" class=\"text-box banner-layer x50 md-x50 lg-x50 y95 md-y50 lg-y50 res-text\">\n              <div data-parallax=\"4\" data-parallax-fade=\"true\">       <div data-animate=\"fadeInLeft\">           <div class=\"text-box-content text dark\">\n              \n              <div class=\"text-inner text-left\">\n                  \n\n<h1 class=\"uppercase\" style=\"text-align: center;\">Comment tout \u00e0 commenc\u00e9<\/h1>\n\n              <\/div>\n           <\/div>\n       <\/div>       <\/div>              \n<style>\n#text-box-354537973 .text-inner {\n  padding: 30px 30px 30px 30px;\n}\n#text-box-354537973 {\n  width: 90%;\n}\n#text-box-354537973 .text-box-content {\n  font-size: 100%;\n}\n@media (min-width:550px) {\n  #text-box-354537973 {\n    width: 49%;\n  }\n}\n<\/style>\n    <\/div>\n \n\n        <\/div>\n      <\/div>\n\n            \n<style>\n#banner-1966934246 {\n  padding-top: 637px;\n}\n#banner-1966934246 .overlay {\n  background-color: rgba(0, 0, 0, 0.157);\n}\n#banner-1966934246 .banner-bg img {\n  object-position: 62% 60%;\n}\n<\/style>\n  <\/div>\n\n\n\n\t<section class=\"section\" id=\"section_1936883878\">\n\t\t<div class=\"section-bg fill\" >\n\t\t\t\t\t\t\t\t\t<div class=\"section-bg-overlay absolute fill\"><\/div>\n\t\t\t\n\t<div class=\"is-border\"\n\t\tstyle=\"border-width:1px 0px 1px 0px;\">\n\t<\/div>\n\n\t\t<\/div>\n\n\t\t\n\n\t\t<div class=\"section-content relative\">\n\t\t\t\n\n<div class=\"row row-large align-middle\"  id=\"row-712586938\">\n\n\n\t<div id=\"col-141076547\" class=\"col medium-5 small-12 large-5\"  >\n\t\t\t\t<div class=\"col-inner text-left\"  >\n\t\t\t\n\t\t\t\n\n<h2 class=\"uppercase\">Excellence : notre patrimoine suisse<\/h2>\n<p>L\u2019excellence est la valeur fondamentale de la marque depuis ses premiers pas il y a plus de 60 ans. Avec une longue histoire familiale et une passion pour la science et la beaut\u00e9, les produits de soin les plus scientifiques et les plus naturels ont \u00e9t\u00e9 d\u00e9velopp\u00e9s par Dr. Pauline Burgener pour les besoins d\u2019aujourd\u2019hui.\u00a0<\/p>\n\n\t\t<\/div>\n\t\t\t\t\n<style>\n#col-141076547 > .col-inner {\n  padding: 30px 30px 30px 30px;\n}\n<\/style>\n\t<\/div>\n\n\t\n\n\t<div id=\"col-227819092\" class=\"col medium-7 small-12 large-7\"  >\n\t\t\t\t<div class=\"col-inner\"  >\n\t\t\t\n\t\t\t\n\n<div class=\"video video-fit mb\" style=\"padding-top:56.25%;\"><iframe title=\"Dr Burgener Switzerland, the ultimate personalised skincare experience\" width=\"1020\" height=\"574\" src=\"https:\/\/www.youtube.com\/embed\/07H6Tdt0z78?feature=oembed\" frameborder=\"0\" allow=\"accelerometer; autoplay; clipboard-write; encrypted-media; gyroscope; picture-in-picture; web-share\" referrerpolicy=\"strict-origin-when-cross-origin\" allowfullscreen><\/iframe><\/div>\n\n\n\t\t<\/div>\n\t\t\t\t\n<style>\n#col-227819092 > .col-inner {\n  padding: 30px 30px 30px 30px;\n}\n<\/style>\n\t<\/div>\n\n\t\n\n<\/div>\n\n\t\t<\/div>\n\n\t\t\n<style>\n#section_1936883878 {\n  padding-top: 60px;\n  padding-bottom: 60px;\n  background-color: rgb(193, 193, 193);\n}\n#section_1936883878 .section-bg-overlay {\n  background-color: rgba(255, 255, 255, 0.85);\n}\n<\/style>\n\t<\/section>\n\t\n  <div class=\"banner-grid-wrapper\">\n  <div id=\"banner-grid-689061818\" class=\"banner-grid row row-grid row-collapse\" data-packery-options=\"\">\n                      \n\n<div class=\"col grid-col large-6 grid-col-1\" ><div class=\"col-inner\">\n\n\t<div class=\"img has-hover x md-x lg-x y md-y lg-y\" id=\"image_1822159568\">\n\t\t\t\t\t\t\t\t<div class=\"img-inner dark\" >\n\t\t\t<img decoding=\"async\" width=\"640\" height=\"640\" src=\"https:\/\/drburgener.com\/wp-content\/uploads\/2024\/04\/pp.jpg\" class=\"attachment-large size-large\" alt=\"\" srcset=\"https:\/\/drburgener.com\/wp-content\/uploads\/2024\/04\/pp.jpg 640w, https:\/\/drburgener.com\/wp-content\/uploads\/2024\/04\/pp-247x247.jpg 247w, https:\/\/drburgener.com\/wp-content\/uploads\/2024\/04\/pp-100x100.jpg 100w, https:\/\/drburgener.com\/wp-content\/uploads\/2024\/04\/pp-510x510.jpg 510w, https:\/\/drburgener.com\/wp-content\/uploads\/2024\/04\/pp-300x300.jpg 300w, https:\/\/drburgener.com\/wp-content\/uploads\/2024\/04\/pp-150x150.jpg 150w\" sizes=\"(max-width: 640px) 100vw, 640px\" \/>\t\t\t\t\t\t\n\t\t\t\t\t<\/div>\n\t\t\t\t\t\t\t\t\n<style>\n#image_1822159568 {\n  width: 100%;\n}\n<\/style>\n\t<\/div>\n\t\n\n\n<\/div><\/div>\n<div class=\"col grid-col large-6 grid-col-1-2\" ><div class=\"col-inner\">\n\n\n  <div class=\"banner has-hover\" id=\"banner-1276847818\">\n          <div class=\"banner-inner fill\">\n        <div class=\"banner-bg fill\" >\n                                                \n                    <\/div>\n\t\t\n        <div class=\"banner-layers container\">\n            <div class=\"fill banner-link\"><\/div>            \n\n   <div id=\"text-box-755697771\" class=\"text-box banner-layer x50 md-x50 lg-x50 y50 md-y50 lg-y50 res-text\">\n                                <div class=\"text-box-content text \">\n              \n              <div class=\"text-inner text-center\">\n                  \n\n\t<div id=\"text-2969675904\" class=\"text\">\n\t\t\n\n<h3 class=\"uppercase\"><strong>1955<\/strong><\/h3>\n<p>Le Dr. Marc Burgener lance son cabinet de chirurgie esth\u00e9tique avec son \u00e9pouse Madeline Burgener, situ\u00e9 \u00e0 Lausanne, en Suisse.<\/p>\n\t\t\n<style>\n#text-2969675904 {\n  font-size: 0.95rem;\n}\n<\/style>\n\t<\/div>\n\t\n\n              <\/div>\n           <\/div>\n                            \n<style>\n#text-box-755697771 {\n  width: 83%;\n}\n#text-box-755697771 .text-box-content {\n  font-size: 100%;\n}\n<\/style>\n    <\/div>\n \n\n        <\/div>\n      <\/div>\n\n            \n<style>\n#banner-1276847818 {\n  padding-top: 500px;\n  background-color: rgb(242, 242, 243);\n}\n<\/style>\n  <\/div>\n\n\n\n<\/div><\/div>\n<div class=\"col grid-col large-6 grid-col-1-2\" ><div class=\"col-inner\">\n\n\n  <div class=\"banner has-hover\" id=\"banner-1644299965\">\n          <div class=\"banner-inner fill\">\n        <div class=\"banner-bg fill\" >\n                                                \n                    <\/div>\n\t\t\n        <div class=\"banner-layers container\">\n            <div class=\"fill banner-link\"><\/div>            \n\n   <div id=\"text-box-28334944\" class=\"text-box banner-layer x50 md-x50 lg-x50 y50 md-y50 lg-y50 res-text\">\n                                <div class=\"text-box-content text dark\">\n              \n              <div class=\"text-inner text-center\">\n                  \n\n\t<div id=\"text-2933447162\" class=\"text\">\n\t\t\n\n<h3 class=\"uppercase\"><strong>1955<\/strong><\/h3>\n<p>Le Dr. Marc Burgener lance son cabinet de chirurgie esth\u00e9tique avec son \u00e9pouse Madeline Burgener, situ\u00e9 \u00e0 Lausanne, en Suisse.<\/p>\n\t\t\n<style>\n#text-2933447162 {\n  font-size: 0.95rem;\n}\n<\/style>\n\t<\/div>\n\t\n\n              <\/div>\n           <\/div>\n                            \n<style>\n#text-box-28334944 {\n  width: 83%;\n}\n#text-box-28334944 .text-box-content {\n  font-size: 100%;\n}\n<\/style>\n    <\/div>\n \n\n        <\/div>\n      <\/div>\n\n            \n<style>\n#banner-1644299965 {\n  padding-top: 500px;\n  background-color: #000000;\n}\n<\/style>\n  <\/div>\n\n\n\n<\/div><\/div>\n\n            <\/div>\n    <style>\n    #banner-grid-689061818 .grid-col-1{height: 600px}\n    #banner-grid-689061818 .grid-col-1-2{height: 300px}\n    #banner-grid-689061818 .grid-col-1-3{height:200px}\n    #banner-grid-689061818 .grid-col-2-3{height: 400px}\n    #banner-grid-689061818 .grid-col-1-4{height: 150px}\n    #banner-grid-689061818 .grid-col-3-4{height: 450px}\n\n\n    \n    \n\n  <\/style>\n    <\/div>\n  \n  <div class=\"banner-grid-wrapper\">\n  <div id=\"banner-grid-1060069340\" class=\"banner-grid row row-grid row-collapse\" data-packery-options=\"\">\n                      \n\n<div class=\"col grid-col large-6 grid-col-1-2\" ><div class=\"col-inner\">\n\n\n  <div class=\"banner has-hover\" id=\"banner-437033189\">\n          <div class=\"banner-inner fill\">\n        <div class=\"banner-bg fill\" >\n                                                \n                    <\/div>\n\t\t\n        <div class=\"banner-layers container\">\n            <div class=\"fill banner-link\"><\/div>            \n\n   <div id=\"text-box-1054760651\" class=\"text-box banner-layer x50 md-x50 lg-x50 y50 md-y50 lg-y50 res-text\">\n                                <div class=\"text-box-content text \">\n              \n              <div class=\"text-inner text-center\">\n                  \n\n\t<div id=\"text-224283950\" class=\"text\">\n\t\t\n\n<h3 class=\"uppercase\"><strong>1962-1964<\/strong><\/h3>\n<p>Apr\u00e8s avoir quitt\u00e9 son pays d\u2019origine, le Liban, pour passer sept ans au Br\u00e9sil, la Dr. Pauline Burgener s\u2019est install\u00e9e en Suisse pour \u00e9tudier la biologie. Elle a compl\u00e9t\u00e9 son doctorat et son post-doctorat \u00e0 l\u2019Universit\u00e9 de Lausanne en Suisse, passant par 5 ans d\u2019\u00e9tudes scientifiques intenses de la peau, lui permettant de comprendre les m\u00e9canismes du vieillissement. Elle a ensuite \u00e9pous\u00e9 Herv\u00e9 Burgener, le fils du Dr. Marc Burgener, et a eu 3 fils.<\/p>\n\t\t\n<style>\n#text-224283950 {\n  font-size: 0.95rem;\n}\n<\/style>\n\t<\/div>\n\t\n\n              <\/div>\n           <\/div>\n                            \n<style>\n#text-box-1054760651 {\n  width: 83%;\n}\n#text-box-1054760651 .text-box-content {\n  font-size: 100%;\n}\n<\/style>\n    <\/div>\n \n\n        <\/div>\n      <\/div>\n\n            \n<style>\n#banner-437033189 {\n  padding-top: 500px;\n  background-color: rgb(242, 242, 243);\n}\n<\/style>\n  <\/div>\n\n\n\n<\/div><\/div>\n<div class=\"col grid-col large-6 grid-col-1-2\" ><div class=\"col-inner\">\n\n\t<div class=\"img has-hover x md-x lg-x y md-y lg-y\" id=\"image_1467710967\">\n\t\t\t\t\t\t\t\t<div class=\"img-inner image-cover dark\" style=\"padding-top:20%;\">\n\t\t\t<img decoding=\"async\" width=\"962\" height=\"330\" src=\"https:\/\/drburgener.com\/wp-content\/uploads\/2024\/05\/Story-banner-1.jpg\" class=\"attachment-original size-original\" alt=\"\" srcset=\"https:\/\/drburgener.com\/wp-content\/uploads\/2024\/05\/Story-banner-1.jpg 962w, https:\/\/drburgener.com\/wp-content\/uploads\/2024\/05\/Story-banner-1-510x175.jpg 510w, https:\/\/drburgener.com\/wp-content\/uploads\/2024\/05\/Story-banner-1-300x103.jpg 300w, https:\/\/drburgener.com\/wp-content\/uploads\/2024\/05\/Story-banner-1-768x263.jpg 768w\" sizes=\"(max-width: 962px) 100vw, 962px\" \/>\t\t\t\t\t\t\n\t\t\t\t\t<\/div>\n\t\t\t\t\t\t\t\t\n<style>\n#image_1467710967 {\n  width: 100%;\n}\n<\/style>\n\t<\/div>\n\t\n\n\n<\/div><\/div>\n\n            <\/div>\n    <style>\n    #banner-grid-1060069340 .grid-col-1{height: 600px}\n    #banner-grid-1060069340 .grid-col-1-2{height: 300px}\n    #banner-grid-1060069340 .grid-col-1-3{height:200px}\n    #banner-grid-1060069340 .grid-col-2-3{height: 400px}\n    #banner-grid-1060069340 .grid-col-1-4{height: 150px}\n    #banner-grid-1060069340 .grid-col-3-4{height: 450px}\n\n\n    \n    \n\n  <\/style>\n    <\/div>\n  \n  <div class=\"banner-grid-wrapper\">\n  <div id=\"banner-grid-772507495\" class=\"banner-grid row row-grid row-collapse\" data-packery-options=\"\">\n                      \n\n<div class=\"col grid-col large-6 grid-col-1\" ><div class=\"col-inner\">\n\n\t<div class=\"img has-hover x md-x lg-x y md-y lg-y\" id=\"image_1679377699\">\n\t\t\t\t\t\t\t\t<div class=\"img-inner dark\" >\n\t\t\t<img loading=\"lazy\" decoding=\"async\" width=\"962\" height=\"641\" src=\"https:\/\/drburgener.com\/wp-content\/uploads\/2024\/05\/pawel-czerwinski-jC-eAIFefOM-unsplash-1200x800-1.jpg\" class=\"attachment-large size-large\" alt=\"\" srcset=\"https:\/\/drburgener.com\/wp-content\/uploads\/2024\/05\/pawel-czerwinski-jC-eAIFefOM-unsplash-1200x800-1.jpg 962w, https:\/\/drburgener.com\/wp-content\/uploads\/2024\/05\/pawel-czerwinski-jC-eAIFefOM-unsplash-1200x800-1-510x340.jpg 510w, https:\/\/drburgener.com\/wp-content\/uploads\/2024\/05\/pawel-czerwinski-jC-eAIFefOM-unsplash-1200x800-1-300x200.jpg 300w, https:\/\/drburgener.com\/wp-content\/uploads\/2024\/05\/pawel-czerwinski-jC-eAIFefOM-unsplash-1200x800-1-768x512.jpg 768w\" sizes=\"(max-width: 962px) 100vw, 962px\" \/>\t\t\t\t\t\t\n\t\t\t\t\t<\/div>\n\t\t\t\t\t\t\t\t\n<style>\n#image_1679377699 {\n  width: 100%;\n}\n<\/style>\n\t<\/div>\n\t\n\n\n<\/div><\/div>\n<div class=\"col grid-col large-6 grid-col-1-2\" ><div class=\"col-inner\">\n\n\n  <div class=\"banner has-hover\" id=\"banner-1570391893\">\n          <div class=\"banner-inner fill\">\n        <div class=\"banner-bg fill\" >\n                                                \n                    <\/div>\n\t\t\n        <div class=\"banner-layers container\">\n            <div class=\"fill banner-link\"><\/div>            \n\n   <div id=\"text-box-737540318\" class=\"text-box banner-layer x50 md-x50 lg-x50 y50 md-y50 lg-y50 res-text\">\n                                <div class=\"text-box-content text \">\n              \n              <div class=\"text-inner text-center\">\n                  \n\n\t<div id=\"text-1586620757\" class=\"text\">\n\t\t\n\n<h3 class=\"uppercase\"><strong>1994<\/strong><\/h3>\n<p>Dr. Pauline Burgener took over, jointly with her brother and sister, the company and created a new luxury skincare concept and treatment line. The first Dr Burgener Center was opened in the same location as Dr. Marc Burgener\u2019s Clinic, preserving the historical legacy, which also became the base for new treatment development and training.<\/p>\n\t\t\n<style>\n#text-1586620757 {\n  font-size: 0.95rem;\n}\n<\/style>\n\t<\/div>\n\t\n\n              <\/div>\n           <\/div>\n                            \n<style>\n#text-box-737540318 {\n  width: 83%;\n}\n#text-box-737540318 .text-box-content {\n  font-size: 100%;\n}\n<\/style>\n    <\/div>\n \n\n        <\/div>\n      <\/div>\n\n            \n<style>\n#banner-1570391893 {\n  padding-top: 500px;\n  background-color: rgb(242, 242, 243);\n}\n<\/style>\n  <\/div>\n\n\n\n<\/div><\/div>\n<div class=\"col grid-col large-6 grid-col-1-2\" ><div class=\"col-inner\">\n\n\n  <div class=\"banner has-hover\" id=\"banner-1939661372\">\n          <div class=\"banner-inner fill\">\n        <div class=\"banner-bg fill\" >\n                                                \n                    <\/div>\n\t\t\n        <div class=\"banner-layers container\">\n            <div class=\"fill banner-link\"><\/div>            \n\n   <div id=\"text-box-1088237227\" class=\"text-box banner-layer x50 md-x50 lg-x50 y50 md-y50 lg-y50 res-text\">\n                                <div class=\"text-box-content text dark\">\n              \n              <div class=\"text-inner text-center\">\n                  \n\n\t<div id=\"text-1732645287\" class=\"text\">\n\t\t\n\n<h3 class=\"uppercase\"><strong>2009-2011<\/strong><\/h3>\n<p>Dr. Pauline Burgener began growing her brand internationally by\u00a0partnering with the most luxurious palaces around the world,\u00a0as an exclusive Swiss skin brand with a\u00a0scientific background.\u00a0<\/p>\n\t\t\n<style>\n#text-1732645287 {\n  font-size: 0.95rem;\n}\n<\/style>\n\t<\/div>\n\t\n\n              <\/div>\n           <\/div>\n                            \n<style>\n#text-box-1088237227 {\n  width: 83%;\n}\n#text-box-1088237227 .text-box-content {\n  font-size: 100%;\n}\n<\/style>\n    <\/div>\n \n\n        <\/div>\n      <\/div>\n\n            \n<style>\n#banner-1939661372 {\n  padding-top: 500px;\n  background-color: #000000;\n}\n<\/style>\n  <\/div>\n\n\n\n<\/div><\/div>\n\n            <\/div>\n    <style>\n    #banner-grid-772507495 .grid-col-1{height: 600px}\n    #banner-grid-772507495 .grid-col-1-2{height: 300px}\n    #banner-grid-772507495 .grid-col-1-3{height:200px}\n    #banner-grid-772507495 .grid-col-2-3{height: 400px}\n    #banner-grid-772507495 .grid-col-1-4{height: 150px}\n    #banner-grid-772507495 .grid-col-3-4{height: 450px}\n\n\n    \n    \n\n  <\/style>\n    <\/div>\n  \n  <div class=\"banner-grid-wrapper\">\n  <div id=\"banner-grid-1684364529\" class=\"banner-grid row row-grid row-collapse\" data-packery-options=\"\">\n                      \n\n<div class=\"col grid-col large-6 grid-col-1-2\" ><div class=\"col-inner\">\n\n\n  <div class=\"banner has-hover\" id=\"banner-1828263095\">\n          <div class=\"banner-inner fill\">\n        <div class=\"banner-bg fill\" >\n                                                \n                    <\/div>\n\t\t\n        <div class=\"banner-layers container\">\n            <div class=\"fill banner-link\"><\/div>            \n\n   <div id=\"text-box-1351712881\" class=\"text-box banner-layer x50 md-x50 lg-x50 y50 md-y50 lg-y50 res-text\">\n                                <div class=\"text-box-content text \">\n              \n              <div class=\"text-inner text-center\">\n                  \n\n\t<div id=\"text-3814728015\" class=\"text\">\n\t\t\n\n<h3 class=\"uppercase\"><strong>2014<\/strong><\/h3>\n<p>Apr\u00e8s 64 ans d\u2019existence, la marque Dr Burgener a connu un changement de marque de luxe passionnant avec un nouveau logo, un emballage respectueux de l\u2019environnement, des protocoles raviv\u00e9s et de nouveaux produits innovants.<\/p>\n\t\t\n<style>\n#text-3814728015 {\n  font-size: 0.95rem;\n}\n<\/style>\n\t<\/div>\n\t\n\n              <\/div>\n           <\/div>\n                            \n<style>\n#text-box-1351712881 {\n  width: 83%;\n}\n#text-box-1351712881 .text-box-content {\n  font-size: 100%;\n}\n<\/style>\n    <\/div>\n \n\n        <\/div>\n      <\/div>\n\n            \n<style>\n#banner-1828263095 {\n  padding-top: 500px;\n  background-color: rgb(242, 242, 243);\n}\n<\/style>\n  <\/div>\n\n\n\n<\/div><\/div>\n<div class=\"col grid-col large-6 grid-col-1\" ><div class=\"col-inner\">\n\n\t<div class=\"img has-hover x md-x lg-x y md-y lg-y\" id=\"image_649883971\">\n\t\t\t\t\t\t\t\t<div class=\"img-inner dark\" >\n\t\t\t<img loading=\"lazy\" decoding=\"async\" width=\"853\" height=\"593\" src=\"https:\/\/drburgener.com\/wp-content\/uploads\/2024\/05\/image001.jpg\" class=\"attachment-large size-large\" alt=\"\" srcset=\"https:\/\/drburgener.com\/wp-content\/uploads\/2024\/05\/image001.jpg 853w, https:\/\/drburgener.com\/wp-content\/uploads\/2024\/05\/image001-510x355.jpg 510w, https:\/\/drburgener.com\/wp-content\/uploads\/2024\/05\/image001-300x209.jpg 300w, https:\/\/drburgener.com\/wp-content\/uploads\/2024\/05\/image001-768x534.jpg 768w\" sizes=\"(max-width: 853px) 100vw, 853px\" \/>\t\t\t\t\t\t\n\t\t\t\t\t<\/div>\n\t\t\t\t\t\t\t\t\n<style>\n#image_649883971 {\n  width: 100%;\n}\n<\/style>\n\t<\/div>\n\t\n\n\n<\/div><\/div>\n<div class=\"col grid-col large-6 grid-col-1-2\" ><div class=\"col-inner\">\n\n\n  <div class=\"banner has-hover\" id=\"banner-387374909\">\n          <div class=\"banner-inner fill\">\n        <div class=\"banner-bg fill\" >\n                                                \n                    <\/div>\n\t\t\n        <div class=\"banner-layers container\">\n            <div class=\"fill banner-link\"><\/div>            \n\n   <div id=\"text-box-1205339135\" class=\"text-box banner-layer x50 md-x50 lg-x50 y50 md-y50 lg-y50 res-text\">\n                                <div class=\"text-box-content text dark\">\n              \n              <div class=\"text-inner text-center\">\n                  \n\n\t<div id=\"text-2925139145\" class=\"text\">\n\t\t\n\n<h3 class=\"uppercase\"><strong>2021<\/strong><\/h3>\n<p>In partnership with Dr. Nicolas Chami, plastic surgeon, the Clinic was renovated and reopened its doors\u00a0with a new, scientific and avant-garde approach to beauty. B-mediC is now at the crossroads of preventive and regenerative medicine, aesthetic medicine, plastic surgery and the latest generation treatments for the face and body, taking advantage of the most effective techniques.<\/p>\n\t\t\n<style>\n#text-2925139145 {\n  font-size: 0.95rem;\n}\n<\/style>\n\t<\/div>\n\t\n\n              <\/div>\n           <\/div>\n                            \n<style>\n#text-box-1205339135 {\n  width: 83%;\n}\n#text-box-1205339135 .text-box-content {\n  font-size: 100%;\n}\n<\/style>\n    <\/div>\n \n\n        <\/div>\n      <\/div>\n\n            \n<style>\n#banner-387374909 {\n  padding-top: 500px;\n  background-color: #000000;\n}\n<\/style>\n  <\/div>\n\n\n\n<\/div><\/div>\n\n            <\/div>\n    <style>\n    #banner-grid-1684364529 .grid-col-1{height: 600px}\n    #banner-grid-1684364529 .grid-col-1-2{height: 300px}\n    #banner-grid-1684364529 .grid-col-1-3{height:200px}\n    #banner-grid-1684364529 .grid-col-2-3{height: 400px}\n    #banner-grid-1684364529 .grid-col-1-4{height: 150px}\n    #banner-grid-1684364529 .grid-col-3-4{height: 450px}\n\n\n    \n    \n\n  <\/style>\n    <\/div>\n  \n\n\t<section class=\"section\" id=\"section_1261366112\">\n\t\t<div class=\"section-bg fill\" >\n\t\t\t\t\t\t\t\t\t<div class=\"section-bg-overlay absolute fill\"><\/div>\n\t\t\t\n\n\t\t<\/div>\n\n\t\t\n\n\t\t<div class=\"section-content relative\">\n\t\t\t\n\n<div class=\"row row-large align-middle\"  id=\"row-560515630\">\n\n\n\t<div id=\"col-798119109\" class=\"col medium-11 small-12 large-11\"  >\n\t\t\t\t<div class=\"col-inner text-left\"  >\n\t\t\t\n\t\t\t\n\n<h2 class=\"uppercase\">Femme pour femmes: au-del\u00e0 d&rsquo;un emploi, nous donnons une ligne de vie<\/h2>\n<p>Tout au long de sa carri\u00e8re, Dr. Pauline Burgener a accompagn\u00e9 les femmes dans leur voie vers l\u2019ind\u00e9pendance professionnelle et financi\u00e8re, par l\u2019\u00e9ducation et la formation. Nos pochettes en microfibre ainsi que nos gants exfoliants tiss\u00e9s \u00e0 la main sont fabriqu\u00e9s par des femmes d\u00e9favoris\u00e9es au Liban.<\/p>\n<p>Dr Burgener Switzerland est \u00e9galement fier de soutenir un atelier de couture g\u00e9r\u00e9 par des jeunes femmes \u00e0 Bodhgaya, en Inde. Ici, nous apprenons aux jeunes femmes \u00e0 produire des articles artisanaux \u00e0 utiliser dans les spas et lors des soins de la peau. Au-del\u00e0 d\u2019un travail, nous donnons \u00e0 ces femmes une lueur d\u2019espoir.<\/p>\n\n\t\t<\/div>\n\t\t\t\t\n<style>\n#col-798119109 > .col-inner {\n  padding: 30px 30px 30px 30px;\n}\n<\/style>\n\t<\/div>\n\n\t\n\n\t<div id=\"col-765563197\" class=\"col medium-1 small-12 large-1\"  >\n\t\t\t\t<div class=\"col-inner\"  >\n\t\t\t\n\t\t\t\n\n\t<div class=\"img has-hover x md-x lg-x y md-y lg-y\" id=\"image_1646173432\">\n\t\t\t\t\t\t\t\t<div class=\"img-inner box-shadow-2 dark\" >\n\t\t\t\t\t\t\t\t\t\n\t\t\t\t\t<\/div>\n\t\t\t\t\t\t\t\t\n<style>\n#image_1646173432 {\n  width: 100%;\n}\n<\/style>\n\t<\/div>\n\t\n\n\n\t\t<\/div>\n\t\t\t\t\t<\/div>\n\n\t\n\n<\/div>\n\n\t\t<\/div>\n\n\t\t\n<style>\n#section_1261366112 {\n  padding-top: 60px;\n  padding-bottom: 60px;\n  background-color: rgb(255, 255, 255);\n}\n#section_1261366112 .section-bg-overlay {\n  background-color: rgba(255, 255, 255, 0.85);\n}\n<\/style>\n\t<\/section>\n\t\n\n","protected":false},"excerpt":{"rendered":"","protected":false},"author":2018,"featured_media":0,"parent":0,"menu_order":0,"comment_status":"closed","ping_status":"closed","template":"page-blank.php","meta":{"_acf_changed":false,"_monsterinsights_skip_tracking":false,"_monsterinsights_sitenote_active":false,"_monsterinsights_sitenote_note":"","_monsterinsights_sitenote_category":0,"footnotes":""},"class_list":["post-318","page","type-page","status-publish","hentry"],"acf":[],"_links":{"self":[{"href":"https:\/\/drburgener.com\/fr\/wp-json\/wp\/v2\/pages\/318","targetHints":{"allow":["GET"]}}],"collection":[{"href":"https:\/\/drburgener.com\/fr\/wp-json\/wp\/v2\/pages"}],"about":[{"href":"https:\/\/drburgener.com\/fr\/wp-json\/wp\/v2\/types\/page"}],"author":[{"embeddable":true,"href":"https:\/\/drburgener.com\/fr\/wp-json\/wp\/v2\/users\/2018"}],"replies":[{"embeddable":true,"href":"https:\/\/drburgener.com\/fr\/wp-json\/wp\/v2\/comments?post=318"}],"version-history":[{"count":5,"href":"https:\/\/drburgener.com\/fr\/wp-json\/wp\/v2\/pages\/318\/revisions"}],"predecessor-version":[{"id":4880,"href":"https:\/\/drburgener.com\/fr\/wp-json\/wp\/v2\/pages\/318\/revisions\/4880"}],"wp:attachment":[{"href":"https:\/\/drburgener.com\/fr\/wp-json\/wp\/v2\/media?parent=318"}],"curies":[{"name":"wp","href":"https:\/\/api.w.org\/{rel}","templated":true}]}}