{"id":4551,"date":"2024-05-09T20:29:10","date_gmt":"2024-05-09T18:29:10","guid":{"rendered":"https:\/\/drburgener.com\/?page_id=4551"},"modified":"2024-05-10T11:15:27","modified_gmt":"2024-05-10T09:15:27","slug":"clinic-b-medic-menu-de-traitements","status":"publish","type":"page","link":"https:\/\/drburgener.com\/fr\/clinic-b-medic-menu-de-traitements\/","title":{"rendered":"Clinic-b-medic Menu de traitements"},"content":{"rendered":"\n\n  <div class=\"banner has-hover\" id=\"banner-1438361433\">\n          <div class=\"banner-inner fill\">\n        <div class=\"banner-bg fill\" >\n                                                \n                    <\/div>\n\t\t\n        <div class=\"banner-layers container\">\n            <div class=\"fill banner-link\"><\/div>            \n\n   <div id=\"text-box-1211772021\" class=\"text-box banner-layer x50 md-x50 lg-x50 y50 md-y50 lg-y50 res-text\">\n                                <div class=\"text-box-content text dark\">\n              \n              <div class=\"text-inner text-center\">\n                  \n\n\t<div id=\"text-2787627616\" class=\"text\">\n\t\t\n\n<h1 class=\"uppercase\" style=\"text-align: center;\"><strong>Clinique M\u00e9dicale B-mediC<\/strong><\/h1>\n<p style=\"text-align: center;\"><img fetchpriority=\"high\" decoding=\"async\" class=\"alignnone size-medium wp-image-534\" src=\"https:\/\/drburgener.com\/wp-content\/uploads\/2024\/04\/CliniqueBurgener-52-2048x1365-1-300x200.jpg\" alt=\"\" width=\"300\" height=\"200\" srcset=\"https:\/\/drburgener.com\/wp-content\/uploads\/2024\/04\/CliniqueBurgener-52-2048x1365-1-300x200.jpg 300w, https:\/\/drburgener.com\/wp-content\/uploads\/2024\/04\/CliniqueBurgener-52-2048x1365-1-510x340.jpg 510w, https:\/\/drburgener.com\/wp-content\/uploads\/2024\/04\/CliniqueBurgener-52-2048x1365-1-768x512.jpg 768w, https:\/\/drburgener.com\/wp-content\/uploads\/2024\/04\/CliniqueBurgener-52-2048x1365-1.jpg 962w\" sizes=\"(max-width: 300px) 100vw, 300px\" \/><\/p>\n\t\t\n<style>\n#text-2787627616 {\n  color: rgb(0,0,0);\n}\n#text-2787627616 > * {\n  color: rgb(0,0,0);\n}\n<\/style>\n\t<\/div>\n\t\n\n              <\/div>\n           <\/div>\n                            \n<style>\n#text-box-1211772021 {\n  width: 87%;\n}\n#text-box-1211772021 .text-box-content {\n  font-size: 100%;\n}\n<\/style>\n    <\/div>\n \n\n        <\/div>\n      <\/div>\n\n            \n<style>\n#banner-1438361433 {\n  padding-top: 300px;\n  background-color: rgb(255,255,255);\n}\n<\/style>\n  <\/div>\n\n\n\n\t<section class=\"section\" id=\"section_1447676939\">\n\t\t<div class=\"section-bg fill\" >\n\t\t\t\t\t\t\t\t\t<div class=\"section-bg-overlay absolute fill\"><\/div>\n\t\t\t\n\n\t\t<\/div>\n\n\t\t\n\n\t\t<div class=\"section-content relative\">\n\t\t\t\n\n<div class=\"row row-large align-middle\"  id=\"row-2087154844\">\n\n\n\t<div id=\"col-2027244459\" class=\"col small-12 large-12\"  >\n\t\t\t\t<div class=\"col-inner text-left\"  >\n\t\t\t\n\t\t\t\n\n<div class=\"row\"  id=\"row-157234348\">\n\n\n\t<div id=\"col-1308244670\" class=\"col small-12 large-12\"  >\n\t\t\t\t<div class=\"col-inner\"  >\n\t\t\t\n\t\t\t\n\n<div class=\"row align-middle align-center\"  id=\"row-1850813542\">\n\n\n\t<div id=\"col-1207715736\" class=\"col medium-10 small-12 large-10\"  >\n\t\t\t\t<div class=\"col-inner text-left\"  >\n\t\t\t\n\t\t\t\n\n<p>La clinique\u00a0B-mediC \u00e0 Lausanne est une clinique m\u00e9dicale de beaut\u00e9 unique fond\u00e9e par\u00a0Dr. Pauline Burgener et le Dr. Nicolas Chami en 2018. Elle a ouvert ses portes cette ann\u00e9e apr\u00e8s plusieurs semaines de r\u00e9novation avec une approche nouvelle, scientifique et avant-gardiste de la beaut\u00e9.\u00a0<\/p>\n<p>B-mediC se situe d\u00e9sormais \u00e0 la crois\u00e9e de la m\u00e9decine pr\u00e9ventive et r\u00e9g\u00e9n\u00e9rative, de la m\u00e9decine esth\u00e9tique, de la chirurgie plastique et des traitements de derni\u00e8re g\u00e9n\u00e9ration pour le visage et le corps, en tirant parti des techniques les plus efficaces.<\/p>\n<a href=\"https:\/\/drburgener.com\/wp-content\/uploads\/2024\/05\/DrB-HC-Bmedic-Menu-EN-220127-WEB25173.pdf\" target=\"_blank\" class=\"button primary lowercase\" rel=\"noopener\" style=\"border-radius:10px;\">\n\t\t<span>T\u00e9l\u00e9charger le Menu de Traitement<\/span>\n\t<\/a>\n\n\n\n\t\t<\/div>\n\t\t\t\t\t<\/div>\n\n\t\n\n<\/div>\n\n\t\t<\/div>\n\t\t\t\t\t<\/div>\n\n\t\n\n<\/div>\n\n\t\t<\/div>\n\t\t\t\t\t<\/div>\n\n\t\n\n\t<div id=\"col-1236725798\" class=\"col medium-1 small-12 large-1\"  >\n\t\t\t\t<div class=\"col-inner\"  >\n\t\t\t\n\t\t\t\n\n\t<div class=\"img has-hover x md-x lg-x y md-y lg-y\" id=\"image_1303458967\">\n\t\t\t\t\t\t\t\t<div class=\"img-inner box-shadow-2 dark\" >\n\t\t\t\t\t\t\t\t\t\n\t\t\t\t\t<\/div>\n\t\t\t\t\t\t\t\t\n<style>\n#image_1303458967 {\n  width: 100%;\n}\n<\/style>\n\t<\/div>\n\t\n\n\n\t\t<\/div>\n\t\t\t\t\t<\/div>\n\n\t\n\n<\/div>\n\n\t\t<\/div>\n\n\t\t\n<style>\n#section_1447676939 {\n  padding-top: 60px;\n  padding-bottom: 60px;\n  background-color: rgb(255, 255, 255);\n}\n#section_1447676939 .section-bg-overlay {\n  background-color: rgba(255, 255, 255, 0.85);\n}\n<\/style>\n\t<\/section>\n\t\n<div class=\"message-box relative dark\" style=\"padding-top:50px;padding-bottom:50px;\"><div class=\"message-box-bg-image bg-fill fill\" ><\/div><div class=\"message-box-bg-overlay bg-fill fill\" ><\/div><div class=\"container relative\"><div class=\"inner last-reset\">\n\n<div class=\"row align-middle align-center\"  id=\"row-1657688565\">\n\n\n\t<div id=\"col-1909979177\" class=\"col medium-8 small-12 large-8\"  >\n\t\t\t\t<div class=\"col-inner\"  >\n\t\t\t\n\t\t\t\n\n<h3><span style=\"font-size: 120%;\"><b>D\u00e9couvrez-en Plus Dans Notre e-Shop<\/b><\/span><\/h3>\n<p>Visitez l'e-Shop et trouvez tous les produits pour les rituels<\/p>\n\n\t\t<\/div>\n\t\t\t\t\t<\/div>\n\n\t\n\n\t<div id=\"col-1962631197\" class=\"col medium-3 small-12 large-3\"  >\n\t\t\t\t<div class=\"col-inner text-center\"  >\n\t\t\t\n\t\t\t\n\n\t<div id=\"gap-1061570813\" class=\"gap-element clearfix show-for-small\" style=\"display:block; height:auto;\">\n\t\t\n<style>\n#gap-1061570813 {\n  padding-top: 30px;\n}\n<\/style>\n\t<\/div>\n\t\n\n<a data-animate=\"fadeInLeft\" href=\"https:\/\/drburgener.com\/boutique\/\" class=\"button white is-bevel\" style=\"border-radius:15px;\">\n\t\t<span>En savoir plus<\/span>\n\t<\/a>\n\n\n\n\t\t<\/div>\n\t\t\t\t\t<\/div>\n\n\t\n\n<\/div>\n\n<\/div><\/div><\/div>\n\n\n","protected":false},"excerpt":{"rendered":"","protected":false},"author":2018,"featured_media":0,"parent":0,"menu_order":0,"comment_status":"closed","ping_status":"closed","template":"page-blank.php","meta":{"_acf_changed":false,"footnotes":""},"class_list":["post-4551","page","type-page","status-publish","hentry"],"acf":[],"_links":{"self":[{"href":"https:\/\/drburgener.com\/fr\/wp-json\/wp\/v2\/pages\/4551","targetHints":{"allow":["GET"]}}],"collection":[{"href":"https:\/\/drburgener.com\/fr\/wp-json\/wp\/v2\/pages"}],"about":[{"href":"https:\/\/drburgener.com\/fr\/wp-json\/wp\/v2\/types\/page"}],"author":[{"embeddable":true,"href":"https:\/\/drburgener.com\/fr\/wp-json\/wp\/v2\/users\/2018"}],"replies":[{"embeddable":true,"href":"https:\/\/drburgener.com\/fr\/wp-json\/wp\/v2\/comments?post=4551"}],"version-history":[{"count":5,"href":"https:\/\/drburgener.com\/fr\/wp-json\/wp\/v2\/pages\/4551\/revisions"}],"predecessor-version":[{"id":4565,"href":"https:\/\/drburgener.com\/fr\/wp-json\/wp\/v2\/pages\/4551\/revisions\/4565"}],"wp:attachment":[{"href":"https:\/\/drburgener.com\/fr\/wp-json\/wp\/v2\/media?parent=4551"}],"curies":[{"name":"wp","href":"https:\/\/api.w.org\/{rel}","templated":true}]}}