{"id":6133,"date":"2024-08-14T08:28:45","date_gmt":"2024-08-14T06:28:45","guid":{"rendered":"https:\/\/drburgener.com\/?page_id=6133"},"modified":"2024-08-14T08:43:30","modified_gmt":"2024-08-14T06:43:30","slug":"newsletter","status":"publish","type":"page","link":"https:\/\/drburgener.com\/fr\/newsletter\/","title":{"rendered":"Newsletter"},"content":{"rendered":"\n  <div id=\"page-header-1442524667\" class=\"page-header-wrapper\">\n  <div class=\"page-title light normal-title\">\n\n    \n    <div class=\"page-title-inner container align-center text-center flex-row-col medium-flex-wrap\" >\n              <div class=\"title-wrapper flex-col\">\n          <h1 class=\"entry-title mb-0\">\n            Newsletter          <\/h1>\n        <\/div>\n                    <div class=\"title-content flex-col\">\n        <div class=\"title-breadcrumbs pb-half pt-half\"><nav class=\"woocommerce-breadcrumb breadcrumbs uppercase\" aria-label=\"Breadcrumb\">Accueil<\/nav><\/div>      <\/div>\n    <\/div>\n\n       <\/div>\n    <\/div>\n  \n\n\n\t<section class=\"section\" id=\"section_790286207\">\n\t\t<div class=\"section-bg fill\" >\n\t\t\t\t\t\t\t\t\t<div class=\"section-bg-overlay absolute fill\"><\/div>\n\t\t\t\n\t<div class=\"is-border\"\n\t\tstyle=\"border-width:1px 0px 1px 0px;\">\n\t<\/div>\n\n\t\t<\/div>\n\n\t\t\n\n\t\t<div class=\"section-content relative\">\n\t\t\t\n\n<div class=\"row row-large align-middle align-center\"  id=\"row-17429813\">\n\n\n\t<div id=\"col-477621355\" class=\"col medium-8 small-12 large-8\"  >\n\t\t\t\t<div class=\"col-inner text-left\"  >\n\t\t\t\n\t\t\t\n\n<h2 class=\"uppercase\">Souscription \u00e0 la newsletter<\/h2>\n<p>En souscrivant \u00e0 notre newsletter, vous recevrez en avant-premi\u00e8re l\u2019actualit\u00e9 Dr Burgener, nos offres exclusives, nos ventes priv\u00e9es, ainsi que desconseils beaut\u00e9. Laissez-vous \u00e9galement surprendre par nos attentions personnalis\u00e9es.<\/p>\n<p>Soyez en les premiers inform\u00e9s et recevez r\u00e9guli\u00e8rement des conseils sant\u00e9 par Dr Burgener !<\/p>\n<p>Les champs obligatoires sont marqu\u00e9s avec *<\/p>\n<div class=\"forminator-ui forminator-custom-form forminator-custom-form-6135 forminator-design--material  forminator_ajax\" data-forminator-render=\"0\" data-form=\"forminator-module-6135\" data-uid=\"69eead8922b9c\"><br\/><\/div><form\n\t\t\t\tid=\"forminator-module-6135\"\n\t\t\t\tclass=\"forminator-ui forminator-custom-form forminator-custom-form-6135 forminator-design--material  forminator_ajax\"\n\t\t\t\tmethod=\"post\"\n\t\t\t\tdata-forminator-render=\"0\"\n\t\t\t\tdata-form-id=\"6135\"\n\t\t\t\t data-color-option=\"default\" data-design=\"material\" data-grid=\"open\" style=\"display: none;\"\n\t\t\t\tdata-uid=\"69eead8922b9c\"\n\t\t\t><div role=\"alert\" aria-live=\"polite\" class=\"forminator-response-message forminator-error\" aria-hidden=\"true\"><\/div><div class=\"forminator-row\"><div id=\"name-1\" class=\"forminator-field-name forminator-col forminator-col-6 \"><div class=\"forminator-field\"><label for=\"forminator-field-name-1_69eead8922b9c\" id=\"forminator-field-name-1_69eead8922b9c-label\" class=\"forminator-label\">First name <span class=\"forminator-required\">*<\/span><\/label><input type=\"text\" name=\"name-1\" value=\"\" placeholder=\"Par exemple\u00a0: Jean\" id=\"forminator-field-name-1_69eead8922b9c\" class=\"forminator-input forminator-name--field\" aria-required=\"true\" autocomplete=\"name\" \/><\/div><\/div><div id=\"name-2\" class=\"forminator-field-name forminator-col forminator-col-6 \"><div class=\"forminator-field\"><label for=\"forminator-field-name-2_69eead8922b9c\" id=\"forminator-field-name-2_69eead8922b9c-label\" class=\"forminator-label\">Name<\/label><input type=\"text\" name=\"name-2\" value=\"\" placeholder=\"Par exemple\u00a0: Jacques Martin\" id=\"forminator-field-name-2_69eead8922b9c\" class=\"forminator-input forminator-name--field\" aria-required=\"false\" autocomplete=\"name\" \/><\/div><\/div><\/div><div class=\"forminator-row\"><div id=\"phone-1\" class=\"forminator-field-phone forminator-col forminator-col-6 \"><div class=\"forminator-field\"><label for=\"forminator-field-phone-1_69eead8922b9c\" id=\"forminator-field-phone-1_69eead8922b9c-label\" class=\"forminator-label\">Phone number<\/label><input type=\"text\" name=\"phone-1\" value=\"\" placeholder=\"Par exemple\u00a0: +1 02 03 04 05\" id=\"forminator-field-phone-1_69eead8922b9c\" class=\"forminator-input forminator-field--phone\" data-required=\"\" aria-required=\"false\" autocomplete=\"off\" \/><\/div><\/div><div id=\"email-1\" class=\"forminator-field-email forminator-col forminator-col-6 \"><div class=\"forminator-field\"><label for=\"forminator-field-email-1_69eead8922b9c\" id=\"forminator-field-email-1_69eead8922b9c-label\" class=\"forminator-label\">Adresse de messagerie <span class=\"forminator-required\">*<\/span><\/label><input type=\"email\" name=\"email-1\" value=\"\" placeholder=\"Par exemple\u00a0: jacques@martin.com\" id=\"forminator-field-email-1_69eead8922b9c\" class=\"forminator-input forminator-email--field\" data-required=\"true\" aria-required=\"true\" autocomplete=\"email\" \/><\/div><\/div><\/div><div class=\"forminator-row\"><div id=\"date-1\" class=\"forminator-field-date forminator-col forminator-col-12 \"><div class=\"forminator-field\"><label for=\"forminator-field-date-1-picker_69eead8922b9c\" id=\"forminator-field-date-1-picker_69eead8922b9c-label\" class=\"forminator-label\">Date de naissance<\/label><div class=\"forminator-input-with-icon\"><span class=\"forminator-icon-calendar\" aria-hidden=\"true\"><\/span><input autocomplete=\"off\" type=\"text\" size=\"1\" name=\"date-1\" value=\"\" placeholder=\"Choisissez une date\" id=\"forminator-field-date-1-picker_69eead8922b9c\" class=\"forminator-input forminator-datepicker\" data-required=\"\" data-format=\"mm\/dd\/yy\" data-restrict-type=\"\" data-restrict=\"\" data-start-year=\"1926\" data-end-year=\"2126\" data-past-dates=\"enable\" data-start-of-week=\"1\" data-start-date=\"\" data-end-date=\"\" data-start-field=\"\" data-end-field=\"\" data-start-offset=\"\" data-end-offset=\"\" data-disable-date=\"\" data-disable-range=\"\" \/><\/div><\/div><\/div><\/div><div class=\"forminator-row\"><div id=\"checkbox-1\" class=\"forminator-field-checkbox forminator-col forminator-col-12 \"><div role=\"group\" class=\"forminator-field\" aria-labelledby=\"forminator-checkbox-group-forminator-field-checkbox-1-69eead8922b9c-label\"><span id=\"forminator-checkbox-group-forminator-field-checkbox-1-69eead8922b9c-label\" class=\"forminator-label\">Je souhaite recevoir les offres et actualit\u00e9s de Dr Burgener, ainsi que des contenus personnalis\u00e9s par :<\/span><label id=\"forminator-field-checkbox-1-1-69eead8922b9c-label\" for=\"forminator-field-checkbox-1-1-69eead8922b9c\" class=\"forminator-checkbox\" title=\"Newsletter\"><input type=\"checkbox\" name=\"checkbox-1[]\" value=\"one\" id=\"forminator-field-checkbox-1-1-69eead8922b9c\" aria-labelledby=\"forminator-field-checkbox-1-1-69eead8922b9c-label\" data-calculation=\"0\"   data-hidden-behavior=\"zero\"\/><span class=\"forminator-checkbox-box\" aria-hidden=\"true\"><\/span><span class=\"forminator-checkbox-label\">Newsletter<\/span><\/label><label id=\"forminator-field-checkbox-1-2-69eead8922b9c-label\" for=\"forminator-field-checkbox-1-2-69eead8922b9c\" class=\"forminator-checkbox\" title=\"Promotion  &amp; Offre partenaires\"><input type=\"checkbox\" name=\"checkbox-1[]\" value=\"two\" id=\"forminator-field-checkbox-1-2-69eead8922b9c\" aria-labelledby=\"forminator-field-checkbox-1-2-69eead8922b9c-label\" data-calculation=\"0\"   data-hidden-behavior=\"zero\"\/><span class=\"forminator-checkbox-box\" aria-hidden=\"true\"><\/span><span class=\"forminator-checkbox-label\">Promotion  &amp; Offre partenaires<\/span><\/label><\/div><\/div><\/div><div class=\"forminator-row\"><\/div><input type=\"hidden\" name=\"referer_url\" value=\"\" \/><div class=\"forminator-row forminator-row-last\"><div class=\"forminator-col\"><div class=\"forminator-field\"><button class=\"forminator-button forminator-button-submit\"><span>Send<\/span><span aria-hidden=\"true\"><\/span><\/button><\/div><\/div><\/div><input type=\"hidden\" id=\"forminator_nonce\" name=\"forminator_nonce\" value=\"41eba4afc6\" \/><input type=\"hidden\" name=\"_wp_http_referer\" value=\"\/fr\/wp-json\/wp\/v2\/pages\/6133\" \/><input type=\"hidden\" name=\"form_id\" value=\"6135\"><input type=\"hidden\" name=\"page_id\" value=\"6133\"><input type=\"hidden\" name=\"form_type\" value=\"default\"><input type=\"hidden\" name=\"current_url\" value=\"https:\/\/drburgener.com\/fr\/newsletter\/\"><input type=\"hidden\" name=\"render_id\" value=\"0\"><input type=\"hidden\" name=\"action\" value=\"forminator_submit_form_custom-forms\"><\/form><\/p>\n<div class=\"row\"  id=\"row-273003168\">\n\n\n\t<div id=\"col-1954016529\" class=\"col small-12 large-12\"  >\n\t\t\t\t<div class=\"col-inner\"  >\n\t\t\t\n\t\t\t\n\n<p><span style=\"font-size: 80%;\">Les informations recueillies \u00e0 partir de ce formulaire sont trait\u00e9es par Dr Burgener Switzerland, responsable de traitement, sur la base de votre consentement, pour vous adresser des messages de prospection commerciale. Ces informations seront \u00e9galement utilis\u00e9es \u00e0 des fins d\u2019analyses statistiques et d\u2019\u00e9valuations de vos pr\u00e9f\u00e9rences personnelles. Vous disposez d\u2019un droit d\u2019acc\u00e8s, de rectification, de suppression, de limitation et de portabilit\u00e9 de vos informations ainsi qu\u2019un droit d\u2019opposition, et de retrait de votre consentement, \u00e0 tout moment, notamment concernant la r\u00e9ception de nos offres personnalis\u00e9es. Pour exercer vos droits, vous pouvez nous contacter par email \u00e0 l\u2019adresse moments@drburgener.com. Vous pouvez aussi introduire une r\u00e9clamation aupr\u00e8s de l\u2019Autorit\u00e9 de protection des donn\u00e9es de votre pays. Pour plus d\u2019informations, veuillez consulter notre Politique de Protection des Donn\u00e9es Personnelles. En compl\u00e9tant ce formulaire, vous certifiez \u00eatre \u00e2g\u00e9(e) de 16 ans minimum.<\/span><\/p>\n\n\t\t<\/div>\n\t\t\t\t\t<\/div>\n\n\t\n\n<\/div>\n\n\t\t<\/div>\n\t\t\t\t\t<\/div>\n\n\t\n\n\t<div id=\"col-227123059\" class=\"col medium-6 small-12 large-6\"  >\n\t\t\t\t<div class=\"col-inner\"  >\n\t\t\t\n\t\t\t\n\n\t<div class=\"img has-hover x md-x lg-x y md-y lg-y\" id=\"image_660982942\">\n\t\t\t\t\t\t\t\t<div class=\"img-inner box-shadow-2 dark\" >\n\t\t\t<img fetchpriority=\"high\" decoding=\"async\" width=\"1020\" height=\"510\" src=\"https:\/\/drburgener.com\/wp-content\/uploads\/2024\/04\/Slide_burgener_02-1024x512.png\" class=\"attachment-large size-large\" alt=\"\" srcset=\"https:\/\/drburgener.com\/wp-content\/uploads\/2024\/04\/Slide_burgener_02-1024x512.png 1024w, https:\/\/drburgener.com\/wp-content\/uploads\/2024\/04\/Slide_burgener_02-300x150.png 300w, https:\/\/drburgener.com\/wp-content\/uploads\/2024\/04\/Slide_burgener_02-768x384.png 768w, https:\/\/drburgener.com\/wp-content\/uploads\/2024\/04\/Slide_burgener_02-1536x768.png 1536w, https:\/\/drburgener.com\/wp-content\/uploads\/2024\/04\/Slide_burgener_02-510x255.png 510w, https:\/\/drburgener.com\/wp-content\/uploads\/2024\/04\/Slide_burgener_02.png 1600w\" sizes=\"(max-width: 1020px) 100vw, 1020px\" \/>\t\t\t\t\t\t\n\t\t\t\t\t<\/div>\n\t\t\t\t\t\t\t\t\n<style>\n#image_660982942 {\n  width: 100%;\n}\n<\/style>\n\t<\/div>\n\t\n\n\n\t\t<\/div>\n\t\t\t\t\t<\/div>\n\n\t\n\n<\/div>\n\n\t\t<\/div>\n\n\t\t\n<style>\n#section_790286207 {\n  padding-top: 60px;\n  padding-bottom: 60px;\n  background-color: rgb(193, 193, 193);\n}\n#section_790286207 .section-bg-overlay {\n  background-color: rgba(255, 255, 255, 0.85);\n}\n<\/style>\n\t<\/section>\n\t\n\n\t<section class=\"section\" id=\"section_1467716222\">\n\t\t<div class=\"section-bg fill\" >\n\t\t\t\t\t\t\t\t\t\n\t\t\t\n\n\t\t<\/div>\n\n\t\t\n\n\t\t<div class=\"section-content relative\">\n\t\t\t\n\n<div class=\"row row-large align-middle align-center row-divided\"  id=\"row-389334943\">\n\n\n\t<div id=\"col-1777652213\" class=\"col medium-3 large-3\"  >\n\t\t\t\t<div class=\"col-inner\"  >\n\t\t\t\n\t\t\t\n\n\n\t\t<div class=\"icon-box featured-box icon-box-center text-center\"  >\n\t\t\t\t\t<div class=\"icon-box-img\" style=\"width: 77px\">\n\t\t\t\t<div class=\"icon\">\n\t\t\t\t\t<div class=\"icon-inner\" >\n\t\t\t\t\t\t<img decoding=\"async\" width=\"300\" height=\"300\" src=\"https:\/\/drburgener.com\/wp-content\/uploads\/2024\/05\/delivery-300x300.png\" class=\"attachment-medium size-medium\" alt=\"\" srcset=\"https:\/\/drburgener.com\/wp-content\/uploads\/2024\/05\/delivery-300x300.png 300w, https:\/\/drburgener.com\/wp-content\/uploads\/2024\/05\/delivery-150x150.png 150w, https:\/\/drburgener.com\/wp-content\/uploads\/2024\/05\/delivery-247x247.png 247w, https:\/\/drburgener.com\/wp-content\/uploads\/2024\/05\/delivery-510x510.png 510w, https:\/\/drburgener.com\/wp-content\/uploads\/2024\/05\/delivery-100x100.png 100w, https:\/\/drburgener.com\/wp-content\/uploads\/2024\/05\/delivery.png 512w\" sizes=\"(max-width: 300px) 100vw, 300px\" \/>\t\t\t\t\t<\/div>\n\t\t\t\t<\/div>\n\t\t\t<\/div>\n\t\t\t\t<div class=\"icon-box-text last-reset\">\n\t\t\t<h5 class=\"uppercase\">Livraison gratuite<\/h5>\t\t\t\t\t\t\n\n<p>Pour les commandes internationales standard de plus de 1000 CHF<\/p>\n\n\t\t<\/div>\n\t<\/div>\n\t\n\t\n\n\t\t<\/div>\n\t\t\t\t\t<\/div>\n\n\t\n\n\t<div id=\"col-1440028514\" class=\"col medium-3 large-3\"  >\n\t\t\t\t<div class=\"col-inner\"  >\n\t\t\t\n\t\t\t\n\n\n\t\t<div class=\"icon-box featured-box icon-box-center text-center\"  >\n\t\t\t\t\t<div class=\"icon-box-img\" style=\"width: 77px\">\n\t\t\t\t<div class=\"icon\">\n\t\t\t\t\t<div class=\"icon-inner\" >\n\t\t\t\t\t\t<img decoding=\"async\" width=\"300\" height=\"300\" src=\"https:\/\/drburgener.com\/wp-content\/uploads\/2024\/05\/credit-card-300x300.png\" class=\"attachment-medium size-medium\" alt=\"\" srcset=\"https:\/\/drburgener.com\/wp-content\/uploads\/2024\/05\/credit-card-300x300.png 300w, https:\/\/drburgener.com\/wp-content\/uploads\/2024\/05\/credit-card-150x150.png 150w, https:\/\/drburgener.com\/wp-content\/uploads\/2024\/05\/credit-card-247x247.png 247w, https:\/\/drburgener.com\/wp-content\/uploads\/2024\/05\/credit-card-510x510.png 510w, https:\/\/drburgener.com\/wp-content\/uploads\/2024\/05\/credit-card-100x100.png 100w, https:\/\/drburgener.com\/wp-content\/uploads\/2024\/05\/credit-card.png 512w\" sizes=\"(max-width: 300px) 100vw, 300px\" \/>\t\t\t\t\t<\/div>\n\t\t\t\t<\/div>\n\t\t\t<\/div>\n\t\t\t\t<div class=\"icon-box-text last-reset\">\n\t\t\t<h5 class=\"uppercase\">Paiements s\u00e9curis\u00e9s<\/h5>\t\t\t\t\t\t\n\n<p>Vos achats en ligne sont 100% s\u00e9curis\u00e9s<\/p>\n\n\t\t<\/div>\n\t<\/div>\n\t\n\t\n\n\t\t<\/div>\n\t\t\t\t\t<\/div>\n\n\t\n\n\t<div id=\"col-643805860\" class=\"col medium-3 large-3\"  >\n\t\t\t\t<div class=\"col-inner\"  >\n\t\t\t\n\t\t\t\n\n\n\t\t<div class=\"icon-box featured-box icon-box-center text-center\"  >\n\t\t\t\t\t<div class=\"icon-box-img\" style=\"width: 77px\">\n\t\t\t\t<div class=\"icon\">\n\t\t\t\t\t<div class=\"icon-inner\" >\n\t\t\t\t\t\t<img loading=\"lazy\" decoding=\"async\" width=\"300\" height=\"300\" src=\"https:\/\/drburgener.com\/wp-content\/uploads\/2024\/05\/client-300x300.png\" class=\"attachment-medium size-medium\" alt=\"\" srcset=\"https:\/\/drburgener.com\/wp-content\/uploads\/2024\/05\/client-300x300.png 300w, https:\/\/drburgener.com\/wp-content\/uploads\/2024\/05\/client-150x150.png 150w, https:\/\/drburgener.com\/wp-content\/uploads\/2024\/05\/client-247x247.png 247w, https:\/\/drburgener.com\/wp-content\/uploads\/2024\/05\/client-510x510.png 510w, https:\/\/drburgener.com\/wp-content\/uploads\/2024\/05\/client-100x100.png 100w, https:\/\/drburgener.com\/wp-content\/uploads\/2024\/05\/client.png 512w\" sizes=\"(max-width: 300px) 100vw, 300px\" \/>\t\t\t\t\t<\/div>\n\t\t\t\t<\/div>\n\t\t\t<\/div>\n\t\t\t\t<div class=\"icon-box-text last-reset\">\n\t\t\t<h5 class=\"uppercase\">Consultations personnalis\u00e9es<\/h5>\t\t\t\t\t\t\n\n<p>Consultations en ligne par nos professionnels incluses pour les achats sup\u00e9rieurs \u00e0 3000 CHF<\/p>\n\n\t\t<\/div>\n\t<\/div>\n\t\n\t\n\n\t\t<\/div>\n\t\t\t\t\t<\/div>\n\n\t\n\n\t<div id=\"col-1451190983\" class=\"col medium-3 large-3\"  >\n\t\t\t\t<div class=\"col-inner\"  >\n\t\t\t\n\t\t\t\n\n\n\t\t<div class=\"icon-box featured-box icon-box-center text-center\"  >\n\t\t\t\t\t<div class=\"icon-box-img\" style=\"width: 77px\">\n\t\t\t\t<div class=\"icon\">\n\t\t\t\t\t<div class=\"icon-inner\" >\n\t\t\t\t\t\t<img loading=\"lazy\" decoding=\"async\" width=\"300\" height=\"300\" src=\"https:\/\/drburgener.com\/wp-content\/uploads\/2024\/05\/blood-300x300.png\" class=\"attachment-medium size-medium\" alt=\"\" srcset=\"https:\/\/drburgener.com\/wp-content\/uploads\/2024\/05\/blood-300x300.png 300w, https:\/\/drburgener.com\/wp-content\/uploads\/2024\/05\/blood-150x150.png 150w, https:\/\/drburgener.com\/wp-content\/uploads\/2024\/05\/blood-247x247.png 247w, https:\/\/drburgener.com\/wp-content\/uploads\/2024\/05\/blood-510x510.png 510w, https:\/\/drburgener.com\/wp-content\/uploads\/2024\/05\/blood-100x100.png 100w, https:\/\/drburgener.com\/wp-content\/uploads\/2024\/05\/blood.png 512w\" sizes=\"(max-width: 300px) 100vw, 300px\" \/>\t\t\t\t\t<\/div>\n\t\t\t\t<\/div>\n\t\t\t<\/div>\n\t\t\t\t<div class=\"icon-box-text last-reset\">\n\t\t\t<h5 class=\"uppercase\">\u00c9chantillons exclusifs<\/h5>\t\t\t\t\t\t\n\n<p>Pour toute commande sup\u00e9rieure \u00e0 1000 CHF<\/p>\n\n\t\t<\/div>\n\t<\/div>\n\t\n\t\n\n\t\t<\/div>\n\t\t\t\t\t<\/div>\n\n\t\n\n<\/div>\n\n\t\t<\/div>\n\n\t\t\n<style>\n#section_1467716222 {\n  padding-top: 30px;\n  padding-bottom: 30px;\n  background-color: rgb(255, 255, 255);\n}\n<\/style>\n\t<\/section>\n\t\n\n","protected":false},"excerpt":{"rendered":"","protected":false},"author":2102,"featured_media":0,"parent":0,"menu_order":0,"comment_status":"closed","ping_status":"closed","template":"page-blank.php","meta":{"_acf_changed":false,"_monsterinsights_skip_tracking":false,"_monsterinsights_sitenote_active":false,"_monsterinsights_sitenote_note":"","_monsterinsights_sitenote_category":0,"footnotes":""},"class_list":["post-6133","page","type-page","status-publish","hentry"],"acf":[],"_links":{"self":[{"href":"https:\/\/drburgener.com\/fr\/wp-json\/wp\/v2\/pages\/6133","targetHints":{"allow":["GET"]}}],"collection":[{"href":"https:\/\/drburgener.com\/fr\/wp-json\/wp\/v2\/pages"}],"about":[{"href":"https:\/\/drburgener.com\/fr\/wp-json\/wp\/v2\/types\/page"}],"author":[{"embeddable":true,"href":"https:\/\/drburgener.com\/fr\/wp-json\/wp\/v2\/users\/2102"}],"replies":[{"embeddable":true,"href":"https:\/\/drburgener.com\/fr\/wp-json\/wp\/v2\/comments?post=6133"}],"version-history":[{"count":4,"href":"https:\/\/drburgener.com\/fr\/wp-json\/wp\/v2\/pages\/6133\/revisions"}],"predecessor-version":[{"id":6139,"href":"https:\/\/drburgener.com\/fr\/wp-json\/wp\/v2\/pages\/6133\/revisions\/6139"}],"wp:attachment":[{"href":"https:\/\/drburgener.com\/fr\/wp-json\/wp\/v2\/media?parent=6133"}],"curies":[{"name":"wp","href":"https:\/\/api.w.org\/{rel}","templated":true}]}}