{"id":8612,"date":"2026-01-16T17:23:29","date_gmt":"2026-01-16T16:23:29","guid":{"rendered":"https:\/\/drburgener.com\/?page_id=8612"},"modified":"2026-01-22T11:37:11","modified_gmt":"2026-01-22T10:37:11","slug":"qr-questionnaire","status":"publish","type":"page","link":"https:\/\/drburgener.com\/fr\/qr-questionnaire\/","title":{"rendered":"Qr questionnaire"},"content":{"rendered":"\t\t<div data-elementor-type=\"wp-page\" data-elementor-id=\"8612\" class=\"elementor elementor-8612\" data-elementor-post-type=\"page\">\n\t\t\t\t<div data-particle_enable=\"false\" data-particle-mobile-disabled=\"false\" class=\"elementor-element elementor-element-e241730 e-con-full e-flex e-con e-parent\" data-id=\"e241730\" data-element_type=\"container\" data-e-type=\"container\" data-settings=\"{&quot;background_background&quot;:&quot;video&quot;,&quot;background_play_on_mobile&quot;:&quot;yes&quot;,&quot;background_privacy_mode&quot;:&quot;yes&quot;}\">\n\t\t\t\t<div class=\"elementor-element elementor-element-e2577bc elementor-hidden-mobile elementor-widget elementor-widget-video\" data-id=\"e2577bc\" data-element_type=\"widget\" data-e-type=\"widget\" data-settings=\"{&quot;video_type&quot;:&quot;hosted&quot;,&quot;autoplay&quot;:&quot;yes&quot;,&quot;play_on_mobile&quot;:&quot;yes&quot;,&quot;mute&quot;:&quot;yes&quot;,&quot;loop&quot;:&quot;yes&quot;}\" data-widget_type=\"video.default\">\n\t\t\t\t\t\t\t<div class=\"e-hosted-video elementor-wrapper elementor-open-inline\">\n\t\t\t\t\t<video class=\"elementor-video\" src=\"https:\/\/drburgener.com\/wp-content\/uploads\/2026\/01\/4106x1080.mp4\" autoplay=\"\" loop=\"\" muted=\"muted\" playsinline=\"\" controlsList=\"nodownload\" poster=\"https:\/\/drburgener.com\/wp-content\/uploads\/2026\/01\/BANNIeRE_HA-XPRESS-1-scaled.jpg\"><\/video>\n\t\t\t\t<\/div>\n\t\t\t\t\t\t<\/div>\n\t\t\t\t<div class=\"elementor-element elementor-element-cad9bd9 elementor-hidden-desktop elementor-hidden-tablet elementor-widget elementor-widget-video\" data-id=\"cad9bd9\" data-element_type=\"widget\" data-e-type=\"widget\" data-settings=\"{&quot;video_type&quot;:&quot;hosted&quot;,&quot;autoplay&quot;:&quot;yes&quot;,&quot;play_on_mobile&quot;:&quot;yes&quot;,&quot;mute&quot;:&quot;yes&quot;,&quot;loop&quot;:&quot;yes&quot;}\" data-widget_type=\"video.default\">\n\t\t\t\t\t\t\t<div class=\"e-hosted-video elementor-wrapper elementor-open-inline\">\n\t\t\t\t\t<video class=\"elementor-video\" src=\"https:\/\/drburgener.com\/wp-content\/uploads\/2026\/01\/1080x1080.mp4\" autoplay=\"\" loop=\"\" muted=\"muted\" playsinline=\"\" controlsList=\"nodownload\" poster=\"https:\/\/drburgener.com\/wp-content\/uploads\/2026\/01\/BANNIeRE_HA-XPRESS2_mobile.jpg\"><\/video>\n\t\t\t\t<\/div>\n\t\t\t\t\t\t<\/div>\n\t\t\t\t<\/div>\n\t\t<div data-particle_enable=\"false\" data-particle-mobile-disabled=\"false\" class=\"elementor-element elementor-element-38163e4 e-con-full e-flex e-con e-parent\" data-id=\"38163e4\" data-element_type=\"container\" data-e-type=\"container\">\n\t\t\t\t<div class=\"elementor-element elementor-element-d809738 elementor-widget elementor-widget-heading\" data-id=\"d809738\" data-element_type=\"widget\" data-e-type=\"widget\" data-widget_type=\"heading.default\">\n\t\t\t\t\t<h2 class=\"elementor-heading-title elementor-size-default\">Trouvez le soin du visage id\u00e9al pour vous<\/h2>\t\t\t\t<\/div>\n\t\t\t\t<div class=\"elementor-element elementor-element-accc876 elementor-mobile-button-align-stretch elementor-widget__width-initial elementor-widget-mobile__width-initial elementor-button-align-stretch elementor-widget elementor-widget-form\" data-id=\"accc876\" data-element_type=\"widget\" data-e-type=\"widget\" data-settings=\"{&quot;step_next_label&quot;:&quot;Next&quot;,&quot;step_previous_label&quot;:&quot;Previous&quot;,&quot;button_width&quot;:&quot;100&quot;,&quot;step_type&quot;:&quot;number_text&quot;,&quot;step_icon_shape&quot;:&quot;circle&quot;}\" data-widget_type=\"form.default\">\n\t\t\t\t\t\t\t<form class=\"elementor-form\" method=\"post\" name=\"New Form\" aria-label=\"New Form\">\n\t\t\t<input type=\"hidden\" name=\"post_id\" value=\"8612\"\/>\n\t\t\t<input type=\"hidden\" name=\"form_id\" value=\"accc876\"\/>\n\t\t\t<input type=\"hidden\" name=\"referer_title\" value=\"Qr questionnaire - Dr Burgener Switzerland\" \/>\n\n\t\t\t\t\t\t\t<input type=\"hidden\" name=\"queried_id\" value=\"8612\"\/>\n\t\t\t\n\t\t\t<div class=\"elementor-form-fields-wrapper elementor-labels-above\">\n\t\t\t\t\t\t\t\t<div class=\"elementor-field-type-radio elementor-field-group elementor-column elementor-field-group-name elementor-col-100 elementor-field-required elementor-mark-required\">\n\t\t\t\t\t\t\t\t\t\t\t\t<label for=\"form-field-name\" class=\"elementor-field-label\">\n\t\t\t\t\t\t\t\tQuel est votre type de peau ?\t\t\t\t\t\t\t<\/label>\n\t\t\t\t\t\t<div class=\"elementor-field-subgroup  elementor-subgroup-inline\"><span class=\"elementor-field-option\"><input type=\"radio\" value=\"Peau normale (\u00e9quilibr\u00e9e, ni grasse ni s\u00e8che)\" id=\"form-field-name-0\" name=\"form_fields[name]\" required=\"required\"> <label for=\"form-field-name-0\">Peau normale (\u00e9quilibr\u00e9e, ni grasse ni s\u00e8che)<\/label><\/span><span class=\"elementor-field-option\"><input type=\"radio\" value=\"Peau grasse (brillante, pores dilat\u00e9s)\" id=\"form-field-name-1\" name=\"form_fields[name]\" required=\"required\"> <label for=\"form-field-name-1\">Peau grasse (brillante, pores dilat\u00e9s)<\/label><\/span><span class=\"elementor-field-option\"><input type=\"radio\" value=\"Peau s\u00e8che (tiraillements, desquamation, rugosit\u00e9)\" id=\"form-field-name-2\" name=\"form_fields[name]\" required=\"required\"> <label for=\"form-field-name-2\">Peau s\u00e8che (tiraillements, desquamation, rugosit\u00e9)<\/label><\/span><span class=\"elementor-field-option\"><input type=\"radio\" value=\"Peau mixte (zone T grasse, joues s\u00e8ches\/normales)\" id=\"form-field-name-3\" name=\"form_fields[name]\" required=\"required\"> <label for=\"form-field-name-3\">Peau mixte (zone T grasse, joues s\u00e8ches\/normales)<\/label><\/span><span class=\"elementor-field-option\"><input type=\"radio\" value=\"Peau sensible (irritabilit\u00e9 facile, rougeurs, br\u00fblures, picotements)\" id=\"form-field-name-4\" name=\"form_fields[name]\" required=\"required\"> <label for=\"form-field-name-4\">Peau sensible (irritabilit\u00e9 facile, rougeurs, br\u00fblures, picotements)<\/label><\/span><\/div>\t\t\t\t<\/div>\n\t\t\t\t\t\t\t\t<div class=\"elementor-field-type-checkbox elementor-field-group elementor-column elementor-field-group-field_4009bcf elementor-col-100\">\n\t\t\t\t\t\t\t\t\t\t\t\t<label for=\"form-field-field_4009bcf\" class=\"elementor-field-label\">\n\t\t\t\t\t\t\t\tQuels sont vos principaux probl\u00e8mes de peau ?\t\t\t\t\t\t\t<\/label>\n\t\t\t\t\t\t<div class=\"elementor-field-subgroup  elementor-subgroup-inline\"><span class=\"elementor-field-option\"><input type=\"checkbox\" value=\"D\u00e9shydratation \/ Manque d&#039;hydratation\" id=\"form-field-field_4009bcf-0\" name=\"form_fields[field_4009bcf][]\"> <label for=\"form-field-field_4009bcf-0\">D\u00e9shydratation \/ Manque d'hydratation<\/label><\/span><span class=\"elementor-field-option\"><input type=\"checkbox\" value=\"Rides \/ Rides \/ Anti-\u00e2ge\" id=\"form-field-field_4009bcf-1\" name=\"form_fields[field_4009bcf][]\"> <label for=\"form-field-field_4009bcf-1\">Rides \/ Rides \/ Anti-\u00e2ge<\/label><\/span><span class=\"elementor-field-option\"><input type=\"checkbox\" value=\"Teint terne \/ Teint irr\u00e9gulier\" id=\"form-field-field_4009bcf-2\" name=\"form_fields[field_4009bcf][]\"> <label for=\"form-field-field_4009bcf-2\">Teint terne \/ Teint irr\u00e9gulier<\/label><\/span><span class=\"elementor-field-option\"><input type=\"checkbox\" value=\"Taches brunes \/ Hyperpigmentation\" id=\"form-field-field_4009bcf-3\" name=\"form_fields[field_4009bcf][]\"> <label for=\"form-field-field_4009bcf-3\">Taches brunes \/ Hyperpigmentation<\/label><\/span><span class=\"elementor-field-option\"><input type=\"checkbox\" value=\"Acn\u00e9 \/ Boutons\" id=\"form-field-field_4009bcf-4\" name=\"form_fields[field_4009bcf][]\"> <label for=\"form-field-field_4009bcf-4\">Acn\u00e9 \/ Boutons<\/label><\/span><span class=\"elementor-field-option\"><input type=\"checkbox\" value=\"Rougeurs \/ Irritations\" id=\"form-field-field_4009bcf-5\" name=\"form_fields[field_4009bcf][]\"> <label for=\"form-field-field_4009bcf-5\">Rougeurs \/ Irritations<\/label><\/span><span class=\"elementor-field-option\"><input type=\"checkbox\" value=\"Pores dilat\u00e9s\" id=\"form-field-field_4009bcf-6\" name=\"form_fields[field_4009bcf][]\"> <label for=\"form-field-field_4009bcf-6\">Pores dilat\u00e9s<\/label><\/span><span class=\"elementor-field-option\"><input type=\"checkbox\" value=\"Protection solaire (pr\u00e9vention des dommages)\" id=\"form-field-field_4009bcf-7\" name=\"form_fields[field_4009bcf][]\"> <label for=\"form-field-field_4009bcf-7\">Protection solaire (pr\u00e9vention des dommages)<\/label><\/span><\/div>\t\t\t\t<\/div>\n\t\t\t\t\t\t\t\t<div class=\"elementor-field-type-checkbox elementor-field-group elementor-column elementor-field-group-field_0c8e40d elementor-col-100\">\n\t\t\t\t\t\t\t\t\t\t\t\t<label for=\"form-field-field_0c8e40d\" class=\"elementor-field-label\">\n\t\t\t\t\t\t\t\t\u00c9tat actuel de la peau\t\t\t\t\t\t\t<\/label>\n\t\t\t\t\t\t<div class=\"elementor-field-subgroup  elementor-subgroup-inline\"><span class=\"elementor-field-option\"><input type=\"checkbox\" value=\"Sensation fr\u00e9quente de tiraillement ou d&#039;inconfort\" id=\"form-field-field_0c8e40d-0\" name=\"form_fields[field_0c8e40d][]\"> <label for=\"form-field-field_0c8e40d-0\">Sensation fr\u00e9quente de tiraillement ou d'inconfort<\/label><\/span><span class=\"elementor-field-option\"><input type=\"checkbox\" value=\"Peau souvent grasse ou brillante\" id=\"form-field-field_0c8e40d-1\" name=\"form_fields[field_0c8e40d][]\"> <label for=\"form-field-field_0c8e40d-1\">Peau souvent grasse ou brillante<\/label><\/span><span class=\"elementor-field-option\"><input type=\"checkbox\" value=\"Texture rugueuse\" id=\"form-field-field_0c8e40d-2\" name=\"form_fields[field_0c8e40d][]\"> <label for=\"form-field-field_0c8e40d-2\">Texture rugueuse<\/label><\/span><span class=\"elementor-field-option\"><input type=\"checkbox\" value=\"Rougeurs\/sensibilit\u00e9 visibles\" id=\"form-field-field_0c8e40d-3\" name=\"form_fields[field_0c8e40d][]\"> <label for=\"form-field-field_0c8e40d-3\">Rougeurs\/sensibilit\u00e9 visibles<\/label><\/span><span class=\"elementor-field-option\"><input type=\"checkbox\" value=\"Boutons\/imperfections occasionnels\" id=\"form-field-field_0c8e40d-4\" name=\"form_fields[field_0c8e40d][]\"> <label for=\"form-field-field_0c8e40d-4\">Boutons\/imperfections occasionnels<\/label><\/span><span class=\"elementor-field-option\"><input type=\"checkbox\" value=\"Cernes\" id=\"form-field-field_0c8e40d-5\" name=\"form_fields[field_0c8e40d][]\"> <label for=\"form-field-field_0c8e40d-5\">Cernes<\/label><\/span><\/div>\t\t\t\t<\/div>\n\t\t\t\t\t\t\t\t<div class=\"elementor-field-type-checkbox elementor-field-group elementor-column elementor-field-group-field_6b6b804 elementor-col-100\">\n\t\t\t\t\t\t\t\t\t\t\t\t<label for=\"form-field-field_6b6b804\" class=\"elementor-field-label\">\n\t\t\t\t\t\t\t\tMode de vie et habitudes\t\t\t\t\t\t\t<\/label>\n\t\t\t\t\t\t<div class=\"elementor-field-subgroup  elementor-subgroup-inline\"><span class=\"elementor-field-option\"><input type=\"checkbox\" value=\"Exposition fr\u00e9quente au soleil (travail en ext\u00e9rieur \/ sport)\" id=\"form-field-field_6b6b804-0\" name=\"form_fields[field_6b6b804][]\"> <label for=\"form-field-field_6b6b804-0\">Exposition fr\u00e9quente au soleil (travail en ext\u00e9rieur \/ sport)<\/label><\/span><span class=\"elementor-field-option\"><input type=\"checkbox\" value=\"Longues heures de travail en int\u00e9rieur (climatisation \/ chauffage)\" id=\"form-field-field_6b6b804-1\" name=\"form_fields[field_6b6b804][]\"> <label for=\"form-field-field_6b6b804-1\">Longues heures de travail en int\u00e9rieur (climatisation \/ chauffage)<\/label><\/span><span class=\"elementor-field-option\"><input type=\"checkbox\" value=\"Dormit moins de 6 heures par nuit\" id=\"form-field-field_6b6b804-2\" name=\"form_fields[field_6b6b804][]\"> <label for=\"form-field-field_6b6b804-2\">Dormit moins de 6 heures par nuit<\/label><\/span><span class=\"elementor-field-option\"><input type=\"checkbox\" value=\"Fume et consomme r\u00e9guli\u00e8rement de l&#039;alcool\" id=\"form-field-field_6b6b804-3\" name=\"form_fields[field_6b6b804][]\"> <label for=\"form-field-field_6b6b804-3\">Fume et consomme r\u00e9guli\u00e8rement de l'alcool<\/label><\/span><span class=\"elementor-field-option\"><input type=\"checkbox\" value=\"Boire moins d&#039;un litre d&#039;eau par jour\" id=\"form-field-field_6b6b804-4\" name=\"form_fields[field_6b6b804][]\"> <label for=\"form-field-field_6b6b804-4\">Boire moins d'un litre d'eau par jour<\/label><\/span><\/div>\t\t\t\t<\/div>\n\t\t\t\t\t\t\t\t<div class=\"elementor-field-type-radio elementor-field-group elementor-column elementor-field-group-email elementor-col-100 elementor-field-required elementor-mark-required\">\n\t\t\t\t\t\t\t\t\t\t\t\t<label for=\"form-field-email\" class=\"elementor-field-label\">\n\t\t\t\t\t\t\t\tAvez-vous des allergies connues ?\t\t\t\t\t\t\t<\/label>\n\t\t\t\t\t\t<div class=\"elementor-field-subgroup  elementor-subgroup-inline\"><span class=\"elementor-field-option\"><input type=\"radio\" value=\"Aucune allergie connue\" id=\"form-field-email-0\" name=\"form_fields[email]\" required=\"required\"> <label for=\"form-field-email-0\">Aucune allergie connue<\/label><\/span><span class=\"elementor-field-option\"><input type=\"radio\" value=\"Allergique aux parfums \/ huiles essentielles\" id=\"form-field-email-1\" name=\"form_fields[email]\" required=\"required\"> <label for=\"form-field-email-1\">Allergique aux parfums \/ huiles essentielles<\/label><\/span><span class=\"elementor-field-option\"><input type=\"radio\" value=\"Autre\" id=\"form-field-email-2\" name=\"form_fields[email]\" required=\"required\"> <label for=\"form-field-email-2\">Autre<\/label><\/span><\/div>\t\t\t\t<\/div>\n\t\t\t\t\t\t\t\t<div class=\"elementor-field-type-radio elementor-field-group elementor-column elementor-field-group-field_44c0e6c elementor-col-100 elementor-field-required elementor-mark-required\">\n\t\t\t\t\t\t\t\t\t\t\t\t<label for=\"form-field-field_44c0e6c\" class=\"elementor-field-label\">\n\t\t\t\t\t\t\t\tPreferences\t\t\t\t\t\t\t<\/label>\n\t\t\t\t\t\t<div class=\"elementor-field-subgroup  elementor-subgroup-inline\"><span class=\"elementor-field-option\"><input type=\"radio\" value=\"Anti-\u00e2ge \/ Actifs\" id=\"form-field-field_44c0e6c-0\" name=\"form_fields[field_44c0e6c]\" required=\"required\"> <label for=\"form-field-field_44c0e6c-0\">Anti-\u00e2ge \/ Actifs<\/label><\/span><span class=\"elementor-field-option\"><input type=\"radio\" value=\"\u00c9claircissant \/ Illuminant\" id=\"form-field-field_44c0e6c-1\" name=\"form_fields[field_44c0e6c]\" required=\"required\"> <label for=\"form-field-field_44c0e6c-1\">\u00c9claircissant \/ Illuminant<\/label><\/span><span class=\"elementor-field-option\"><input type=\"radio\" value=\"Textures l\u00e9g\u00e8res (gel, lotion)\" id=\"form-field-field_44c0e6c-2\" name=\"form_fields[field_44c0e6c]\" required=\"required\"> <label for=\"form-field-field_44c0e6c-2\">Textures l\u00e9g\u00e8res (gel, lotion)<\/label><\/span><span class=\"elementor-field-option\"><input type=\"radio\" value=\"Textures riches (cr\u00e8me, baume)\" id=\"form-field-field_44c0e6c-3\" name=\"form_fields[field_44c0e6c]\" required=\"required\"> <label for=\"form-field-field_44c0e6c-3\">Textures riches (cr\u00e8me, baume)<\/label><\/span><\/div>\t\t\t\t<\/div>\n\t\t\t\t\t\t\t\t<div class=\"elementor-field-type-text elementor-field-group elementor-column elementor-field-group-field_5473fc3 elementor-col-50 elementor-field-required elementor-mark-required\">\n\t\t\t\t\t\t\t\t\t\t\t\t<label for=\"form-field-field_5473fc3\" class=\"elementor-field-label\">\n\t\t\t\t\t\t\t\tnom et pr\u00e9nom\t\t\t\t\t\t\t<\/label>\n\t\t\t\t\t\t\t\t\t\t\t\t\t\t<input size=\"1\" type=\"text\" name=\"form_fields[field_5473fc3]\" id=\"form-field-field_5473fc3\" class=\"elementor-field elementor-size-sm  elementor-field-textual\" placeholder=\"nom et pr\u00e9nom\" required=\"required\">\n\t\t\t\t\t\t\t\t\t\t\t<\/div>\n\t\t\t\t\t\t\t\t<div class=\"elementor-field-type-email elementor-field-group elementor-column elementor-field-group-field_9be7379 elementor-col-50 elementor-field-required elementor-mark-required\">\n\t\t\t\t\t\t\t\t\t\t\t\t<label for=\"form-field-field_9be7379\" class=\"elementor-field-label\">\n\t\t\t\t\t\t\t\te-mail\t\t\t\t\t\t\t<\/label>\n\t\t\t\t\t\t\t\t\t\t\t\t\t\t<input size=\"1\" type=\"email\" name=\"form_fields[field_9be7379]\" id=\"form-field-field_9be7379\" class=\"elementor-field elementor-size-sm  elementor-field-textual\" placeholder=\"e-mail\" required=\"required\">\n\t\t\t\t\t\t\t\t\t\t\t<\/div>\n\t\t\t\t\t\t\t\t<div class=\"elementor-field-type-textarea elementor-field-group elementor-column elementor-field-group-field_15c8d69 elementor-col-100 elementor-field-required elementor-mark-required\">\n\t\t\t\t\t\t\t\t\t\t\t\t<label for=\"form-field-field_15c8d69\" class=\"elementor-field-label\">\n\t\t\t\t\t\t\t\tNotes\t\t\t\t\t\t\t<\/label>\n\t\t\t\t\t\t<textarea class=\"elementor-field-textual elementor-field  elementor-size-sm\" name=\"form_fields[field_15c8d69]\" id=\"form-field-field_15c8d69\" rows=\"4\" placeholder=\"Toute information suppl\u00e9mentaire pouvant \u00eatre utile\" required=\"required\"><\/textarea>\t\t\t\t<\/div>\n\t\t\t\t\t\t\t\t<div class=\"elementor-field-group elementor-column elementor-field-type-submit elementor-col-100 e-form__buttons\">\n\t\t\t\t\t<button class=\"elementor-button elementor-size-sm\" type=\"submit\">\n\t\t\t\t\t\t<span class=\"elementor-button-content-wrapper\">\n\t\t\t\t\t\t\t\t\t\t\t\t\t\t\t\t\t\t\t\t\t\t<span class=\"elementor-button-text\">envoyer la demande<\/span>\n\t\t\t\t\t\t\t\t\t\t\t\t\t<\/span>\n\t\t\t\t\t<\/button>\n\t\t\t\t<\/div>\n\t\t\t<\/div>\n\t\t<\/form>\n\t\t\t\t\t\t<\/div>\n\t\t\t\t<\/div>\n\t\t\t\t<\/div>\n\t\t","protected":false},"excerpt":{"rendered":"<p>https:\/\/drburgener.com\/wp-content\/uploads\/2026\/01\/4106&#215;1080.mp4https:\/\/drburgener.com\/wp-content\/uploads\/2026\/01\/1080&#215;1080.mp4 Trouvez le soin du visage id\u00e9al pour vous<\/p>\n","protected":false},"author":2102,"featured_media":0,"parent":0,"menu_order":0,"comment_status":"closed","ping_status":"closed","template":"elementor_header_footer","meta":{"_acf_changed":false,"footnotes":""},"class_list":["post-8612","page","type-page","status-publish","hentry"],"acf":[],"_links":{"self":[{"href":"https:\/\/drburgener.com\/fr\/wp-json\/wp\/v2\/pages\/8612","targetHints":{"allow":["GET"]}}],"collection":[{"href":"https:\/\/drburgener.com\/fr\/wp-json\/wp\/v2\/pages"}],"about":[{"href":"https:\/\/drburgener.com\/fr\/wp-json\/wp\/v2\/types\/page"}],"author":[{"embeddable":true,"href":"https:\/\/drburgener.com\/fr\/wp-json\/wp\/v2\/users\/2102"}],"replies":[{"embeddable":true,"href":"https:\/\/drburgener.com\/fr\/wp-json\/wp\/v2\/comments?post=8612"}],"version-history":[{"count":5,"href":"https:\/\/drburgener.com\/fr\/wp-json\/wp\/v2\/pages\/8612\/revisions"}],"predecessor-version":[{"id":8787,"href":"https:\/\/drburgener.com\/fr\/wp-json\/wp\/v2\/pages\/8612\/revisions\/8787"}],"wp:attachment":[{"href":"https:\/\/drburgener.com\/fr\/wp-json\/wp\/v2\/media?parent=8612"}],"curies":[{"name":"wp","href":"https:\/\/api.w.org\/{rel}","templated":true}]}}