{"id":1117,"date":"2024-05-02T15:20:52","date_gmt":"2024-05-02T15:20:52","guid":{"rendered":"https:\/\/evo.drburgener.com\/?product=la-solution-peaux-matures"},"modified":"2025-12-03T09:37:21","modified_gmt":"2025-12-03T08:37:21","slug":"la-solution-peaux-matures","status":"publish","type":"product","link":"https:\/\/drburgener.com\/fr\/product\/la-solution-peaux-matures\/","title":{"rendered":"La Solution Peaux Matures"},"content":{"rendered":"<p><span data-sheets-root=\"1\">Offrez \u00e0 votre peau mature la solution r\u00e9g\u00e9n\u00e9rante de Dr Burgener Switzerland, un rituel minutieusement con\u00e7u en 6 \u00e9tapes pour restaurer la vitalit\u00e9 et l&rsquo;\u00e9clat.<\/span><\/p>\n<p>\u00c9tape 1 : Lait D\u00e9maquillant : Purifie en douceur la peau, la pr\u00e9parant \u00e0 une absorption optimale des soins suivants.<br \/>\n\u00c9tape 2 : Lotion Florale : \u00c9quilibre le pH de la peau, garantissant une peau pr\u00eate et rafra\u00eechie.<br \/>\n\u00c9tape 3 : Masque Hydra Filler : Apporte une hydratation intense, repulpant la peau pour une apparence plus jeune.<br \/>\n\u00c9tape 4 : Cr\u00e8me \u00c9clat Instantan\u00e9 Contour des Yeux : Cible les ridules et les cernes, offrant un effet liftant imm\u00e9diat et une luminosit\u00e9 \u00e0 la zone d\u00e9licate des yeux.<br \/>\n\u00c9tape 5 : Complexe R\u00e9parateur Grand Cru : Am\u00e9liore la sant\u00e9 et la texture de la peau, favorisant un teint plus lisse et uniforme.<br \/>\n\u00c9tape 6 : Cr\u00e8me Visage Caviar Vert : Nourrit et revitalise, scellant l&rsquo;hydratation pour une douceur durable.<\/p>\n<p>Profitez d&rsquo;une remise de 15 % lors de l&rsquo;achat du soin complet, et laissez les experts de Dr Burgener Switzerland vous guider dans l&rsquo;identification et la satisfaction des besoins uniques de votre peau.<\/p>\n<p>\u00c9levez votre routine de soin et d\u00e9couvrez le pouvoir transformateur des soins de luxe d\u00e8s aujourd&rsquo;hui !<\/p>\n","protected":false},"excerpt":{"rendered":"<p><span data-sheets-root=\"1\">Revitalisez votre peau mature avec le luxueux rituel en 6 \u00e9tapes de Dr Burgener Switzerland.<\/span><\/p>\n<p><span data-sheets-root=\"1\">Cette routine anti-\u00e2ge comprend le Lait D\u00e9maquillant, la Lotion Florale, le Masque Hydra Filler, la Cr\u00e8me \u00c9clat Instantan\u00e9 Contour des Yeux, le Complexe R\u00e9parateur Grand Cru, et la Cr\u00e8me Visage Caviar Vert. <\/span><\/p>\n<p><span data-sheets-root=\"1\">Profitez d&rsquo;une remise de 15 % sur le soin complet pour un teint lumineux et rajeuni !<\/span><\/p>\n","protected":false},"featured_media":7025,"template":"","meta":{"_acf_changed":false},"product_brand":[],"product_cat":[220,309,39,52],"product_tag":[],"class_list":{"0":"post-1117","1":"product","2":"type-product","3":"status-publish","4":"has-post-thumbnail","6":"product_cat-nos-solutions","7":"product_cat-cadeaux","8":"product_cat-peau-mature","9":"product_cat-solutions-de-soins-personnalises","11":"first","12":"instock","13":"taxable","14":"shipping-taxable","15":"purchasable","16":"product-type-simple"},"acf":[],"_links":{"self":[{"href":"https:\/\/drburgener.com\/fr\/wp-json\/wp\/v2\/product\/1117","targetHints":{"allow":["GET"]}}],"collection":[{"href":"https:\/\/drburgener.com\/fr\/wp-json\/wp\/v2\/product"}],"about":[{"href":"https:\/\/drburgener.com\/fr\/wp-json\/wp\/v2\/types\/product"}],"wp:featuredmedia":[{"embeddable":true,"href":"https:\/\/drburgener.com\/fr\/wp-json\/wp\/v2\/media\/7025"}],"wp:attachment":[{"href":"https:\/\/drburgener.com\/fr\/wp-json\/wp\/v2\/media?parent=1117"}],"wp:term":[{"taxonomy":"product_brand","embeddable":true,"href":"https:\/\/drburgener.com\/fr\/wp-json\/wp\/v2\/product_brand?post=1117"},{"taxonomy":"product_cat","embeddable":true,"href":"https:\/\/drburgener.com\/fr\/wp-json\/wp\/v2\/product_cat?post=1117"},{"taxonomy":"product_tag","embeddable":true,"href":"https:\/\/drburgener.com\/fr\/wp-json\/wp\/v2\/product_tag?post=1117"}],"curies":[{"name":"wp","href":"https:\/\/api.w.org\/{rel}","templated":true}]}}