{"id":1126,"date":"2024-05-02T15:20:56","date_gmt":"2024-05-02T15:20:56","guid":{"rendered":"https:\/\/evo.drburgener.com\/?product=la-solution-peaux-seches"},"modified":"2025-12-03T09:37:19","modified_gmt":"2025-12-03T08:37:19","slug":"la-solution-peaux-seches","status":"publish","type":"product","link":"https:\/\/drburgener.com\/fr\/product\/la-solution-peaux-seches\/","title":{"rendered":"La Solution Peaux S\u00e8ches"},"content":{"rendered":"<p><span data-sheets-root=\"1\">D\u00e9couvrez la Solution Peau S\u00e8che de Dr Burgener Switzerland, sp\u00e9cialement con\u00e7ue pour revitaliser et hydrater les peaux s\u00e8ches. Cette routine de soins compl\u00e8te en 6 \u00e9tapes offre de nombreux avantages, tels qu&rsquo;une r\u00e9hydratation intense, des effets anti-\u00e2ge, une r\u00e9g\u00e9n\u00e9ration et un \u00e9clat du regard.<\/span><\/p>\n<p>Routine de soins :<\/p>\n<p>Lait Nettoyant : \u00c9limine en douceur les impuret\u00e9s et le maquillage.<br \/>\nToner Floral : \u00c9quilibre et hydrate la peau.<br \/>\nCr\u00e8me Instant Eye Radiance : Hydrate et lisse le contour des yeux.<br \/>\nS\u00e9rum Nutriderm : Offre une nutrition et une revitalisation profondes.<br \/>\nCr\u00e8me Green Caviar : Restaure l&rsquo;\u00e9lasticit\u00e9 et lutte contre la s\u00e9cheresse.<br \/>\nMasque Royal Jelly : Traitement hebdomadaire pour une hydratation et une r\u00e9paration intensives.<br \/>\nProfitez d&rsquo;une r\u00e9duction de 15 % lors de l&rsquo;achat de la solution compl\u00e8te. D\u00e9couvrez la routine de soins id\u00e9ale avec Dr Burgener Switzerland et offrez \u00e0 votre peau le luxe qu&rsquo;elle m\u00e9rite!<\/p>\n","protected":false},"excerpt":{"rendered":"<p><span data-sheets-root=\"1\">D\u00e9couvrez une hydratation luxueuse avec la Solution Peau S\u00e8che de Dr Burgener Switzerland. <\/span><\/p>\n<p><span data-sheets-root=\"1\">Ce programme de soins en 6 \u00e9tapes est soigneusement \u00e9labor\u00e9 pour offrir des r\u00e9sultats anti-\u00e2ge optimaux pour les peaux s\u00e8ches.<\/span><\/p>\n<p>&nbsp;<\/p>\n","protected":false},"featured_media":7034,"template":"","meta":{"_acf_changed":false},"product_brand":[],"product_cat":[220,309,38,52],"product_tag":[],"class_list":{"0":"post-1126","1":"product","2":"type-product","3":"status-publish","4":"has-post-thumbnail","6":"product_cat-nos-solutions","7":"product_cat-cadeaux","8":"product_cat-peau-seche","9":"product_cat-solutions-de-soins-personnalises","11":"first","12":"instock","13":"taxable","14":"shipping-taxable","15":"purchasable","16":"product-type-simple"},"acf":[],"_links":{"self":[{"href":"https:\/\/drburgener.com\/fr\/wp-json\/wp\/v2\/product\/1126","targetHints":{"allow":["GET"]}}],"collection":[{"href":"https:\/\/drburgener.com\/fr\/wp-json\/wp\/v2\/product"}],"about":[{"href":"https:\/\/drburgener.com\/fr\/wp-json\/wp\/v2\/types\/product"}],"wp:featuredmedia":[{"embeddable":true,"href":"https:\/\/drburgener.com\/fr\/wp-json\/wp\/v2\/media\/7034"}],"wp:attachment":[{"href":"https:\/\/drburgener.com\/fr\/wp-json\/wp\/v2\/media?parent=1126"}],"wp:term":[{"taxonomy":"product_brand","embeddable":true,"href":"https:\/\/drburgener.com\/fr\/wp-json\/wp\/v2\/product_brand?post=1126"},{"taxonomy":"product_cat","embeddable":true,"href":"https:\/\/drburgener.com\/fr\/wp-json\/wp\/v2\/product_cat?post=1126"},{"taxonomy":"product_tag","embeddable":true,"href":"https:\/\/drburgener.com\/fr\/wp-json\/wp\/v2\/product_tag?post=1126"}],"curies":[{"name":"wp","href":"https:\/\/api.w.org\/{rel}","templated":true}]}}