{"id":1153,"date":"2024-05-02T15:21:13","date_gmt":"2024-05-02T15:21:13","guid":{"rendered":"https:\/\/evo.drburgener.com\/?product=la-creme-visage-vita-c"},"modified":"2026-02-17T10:20:21","modified_gmt":"2026-02-17T09:20:21","slug":"la-creme-visage-vita-c","status":"publish","type":"product","link":"https:\/\/drburgener.com\/fr\/product\/la-creme-visage-vita-c\/","title":{"rendered":"La Cr\u00e8me Visage Vita C+"},"content":{"rendered":"<p class=\"p1\"><span data-sheets-root=\"1\">La Cr\u00e8me Visage Vita C+ de Dr Burgener Switzerland se positionne comme une solution efficace pour obtenir une peau saine et \u00e9clatante, gr\u00e2ce \u00e0 ses puissants antioxydants et activateurs de collag\u00e8ne qui combattent le vieillissement, corrigent l&rsquo;hyperpigmentation et restaurent l&rsquo;\u00e9clat naturel. <\/span><\/p>\n<p class=\"p1\"><span data-sheets-root=\"1\">Sa formulation comprend des ingr\u00e9dients cl\u00e9s tels que le glucoside d&rsquo;ascorbyle, l&rsquo;extrait de prune Kakadu, le peptide Swiss Perfection et le beurre de karit\u00e9, chacun apportant des bienfaits uniques. Pour des r\u00e9sultats optimaux, il est recommand\u00e9 d&rsquo;appliquer la cr\u00e8me chaque matin et soir sur le visage, le cou et le d\u00e9collet\u00e9. <\/span><\/p>\n<p class=\"p1\"><span data-sheets-root=\"1\">En int\u00e9grant des mots-cl\u00e9s pertinents tout au long de la description, la visibilit\u00e9 de la Cr\u00e8me Visage Vita C+ peut \u00eatre consid\u00e9rablement am\u00e9lior\u00e9e, facilitant ainsi la d\u00e9couverte par les clients potentiels.<\/span><\/p>\n","protected":false},"excerpt":{"rendered":"<p><span data-sheets-root=\"1\">D\u00e9couvrez le pouvoir de la vitamine C avec Dr Burgener Switzerland. Offrez-vous une dose quotidienne de perfection avec la vitamine C de Dr Burgener Switzerland. <\/span><\/p>\n<p><span data-sheets-root=\"1\">Cette solution essentielle pour les soins de la peau est r\u00e9put\u00e9e pour ses nombreux bienfaits, en faisant un incontournable pour votre bien-\u00eatre. <\/span><\/p>\n<p><span data-sheets-root=\"1\">R\u00e9v\u00e9lez une peau \u00e9clatante avec la vitamine C de Dr Burgener Switzerland.<\/span><\/p>\n","protected":false},"featured_media":6992,"template":"","meta":{"_acf_changed":false},"product_brand":[],"product_cat":[42,299,301,35,49,256],"product_tag":[267],"class_list":{"0":"post-1153","1":"product","2":"type-product","3":"status-publish","4":"has-post-thumbnail","6":"product_cat-soins-visage-de-luxe","7":"product_cat-teint-terne","8":"product_cat-hyperpigmentation","9":"product_cat-tous-les-types-de-peau","10":"product_cat-cremes-visage-de-luxe","11":"product_cat-soins-eclat-a-la-vitamine-c-de-luxe","12":"product_tag-la-ligne-eclat-a-la-vitamine-c","14":"first","15":"instock","16":"taxable","17":"shipping-taxable","18":"purchasable","19":"product-type-simple"},"acf":[],"_links":{"self":[{"href":"https:\/\/drburgener.com\/fr\/wp-json\/wp\/v2\/product\/1153","targetHints":{"allow":["GET"]}}],"collection":[{"href":"https:\/\/drburgener.com\/fr\/wp-json\/wp\/v2\/product"}],"about":[{"href":"https:\/\/drburgener.com\/fr\/wp-json\/wp\/v2\/types\/product"}],"wp:featuredmedia":[{"embeddable":true,"href":"https:\/\/drburgener.com\/fr\/wp-json\/wp\/v2\/media\/6992"}],"wp:attachment":[{"href":"https:\/\/drburgener.com\/fr\/wp-json\/wp\/v2\/media?parent=1153"}],"wp:term":[{"taxonomy":"product_brand","embeddable":true,"href":"https:\/\/drburgener.com\/fr\/wp-json\/wp\/v2\/product_brand?post=1153"},{"taxonomy":"product_cat","embeddable":true,"href":"https:\/\/drburgener.com\/fr\/wp-json\/wp\/v2\/product_cat?post=1153"},{"taxonomy":"product_tag","embeddable":true,"href":"https:\/\/drburgener.com\/fr\/wp-json\/wp\/v2\/product_tag?post=1153"}],"curies":[{"name":"wp","href":"https:\/\/api.w.org\/{rel}","templated":true}]}}