{"id":1159,"date":"2024-05-02T15:21:16","date_gmt":"2024-05-02T15:21:16","guid":{"rendered":"https:\/\/evo.drburgener.com\/?product=les-sticks-intenses-au-collagene"},"modified":"2025-10-17T11:46:13","modified_gmt":"2025-10-17T09:46:13","slug":"les-sticks-intenses-au-collagene","status":"publish","type":"product","link":"https:\/\/drburgener.com\/fr\/product\/les-sticks-intenses-au-collagene\/","title":{"rendered":"Les Sticks Intenses au Collag\u00e8ne"},"content":{"rendered":"<p><span data-sheets-root=\"1\">Sticks Intenses au Collag\u00e8ne de Dr Burgener Switzerland<\/span><\/p>\n<p>Sublimez votre routine de soin avec les Sticks Intenses au Collag\u00e8ne , un compl\u00e9ment alimentaire innovant formul\u00e9 avec du collag\u00e8ne marin de qualit\u00e9 sup\u00e9rieure, des vitamines C, E et du s\u00e9l\u00e9nium. Ce m\u00e9lange unique d&rsquo;actifs est con\u00e7u pour stimuler la production de collag\u00e8ne, r\u00e9duire les signes visibles du vieillissement et prot\u00e9ger les cellules du stress oxydatif.<\/p>\n<p>D\u00e9couvrez la puissance du collag\u00e8ne marin et des vitamines essentielles gr\u00e2ce \u00e0 la formulation haut de gamme de Dr Burgener Switzerland, \u00e9tablissant une nouvelle r\u00e9f\u00e9rence dans les soins de luxe.<\/p>\n<p>&nbsp;<\/p>\n","protected":false},"excerpt":{"rendered":"<p><span data-sheets-root=\"1\">Les Sticks Intenses au Collag\u00e8ne <\/span><span data-sheets-root=\"1\">de Dr Burgener Switzerland.<\/span><\/p>\n<p>Sublimez votre routine de soin avec les Sticks Intenses au Collag\u00e8ne, con\u00e7us pour favoriser une peau ferme et r\u00e9g\u00e9n\u00e9r\u00e9e. Enrichis en vitamine E et en s\u00e9l\u00e9nium, ces sticks aident \u00e0 prot\u00e9ger les cellules du stress oxydatif, assurant \u00e0 votre peau de rester jeune et r\u00e9sistante. D\u00e9couvrez les bienfaits luxueux des formulations innovantes de Dr Burgener et obtenez un teint \u00e9clatant d\u00e8s aujourd&rsquo;hui !<\/p>\n<p>Veuillez noter que ces compl\u00e9ments nutritionnels ne peuvent pas \u00eatre livr\u00e9s aux \u00c9tats-Unis.<\/p>\n","protected":false},"featured_media":7538,"template":"","meta":{"_acf_changed":false,"_monsterinsights_skip_tracking":false,"_monsterinsights_sitenote_active":false,"_monsterinsights_sitenote_note":"","_monsterinsights_sitenote_category":0},"product_brand":[],"product_cat":[56,256],"product_tag":[267],"class_list":{"0":"post-1159","1":"product","2":"type-product","3":"status-publish","4":"has-post-thumbnail","6":"product_cat-complements-nutritionnels-de-luxe","7":"product_cat-soins-eclat-a-la-vitamine-c-de-luxe","8":"product_tag-la-ligne-eclat-a-la-vitamine-c","10":"first","11":"instock","12":"taxable","13":"shipping-taxable","14":"purchasable","15":"product-type-simple"},"acf":[],"_links":{"self":[{"href":"https:\/\/drburgener.com\/fr\/wp-json\/wp\/v2\/product\/1159","targetHints":{"allow":["GET"]}}],"collection":[{"href":"https:\/\/drburgener.com\/fr\/wp-json\/wp\/v2\/product"}],"about":[{"href":"https:\/\/drburgener.com\/fr\/wp-json\/wp\/v2\/types\/product"}],"wp:featuredmedia":[{"embeddable":true,"href":"https:\/\/drburgener.com\/fr\/wp-json\/wp\/v2\/media\/7538"}],"wp:attachment":[{"href":"https:\/\/drburgener.com\/fr\/wp-json\/wp\/v2\/media?parent=1159"}],"wp:term":[{"taxonomy":"product_brand","embeddable":true,"href":"https:\/\/drburgener.com\/fr\/wp-json\/wp\/v2\/product_brand?post=1159"},{"taxonomy":"product_cat","embeddable":true,"href":"https:\/\/drburgener.com\/fr\/wp-json\/wp\/v2\/product_cat?post=1159"},{"taxonomy":"product_tag","embeddable":true,"href":"https:\/\/drburgener.com\/fr\/wp-json\/wp\/v2\/product_tag?post=1159"}],"curies":[{"name":"wp","href":"https:\/\/api.w.org\/{rel}","templated":true}]}}