{"id":1162,"date":"2024-05-02T15:21:18","date_gmt":"2024-05-02T15:21:18","guid":{"rendered":"https:\/\/evo.drburgener.com\/?product=la-perfection-collagene-et-vitamin-c"},"modified":"2025-10-17T11:46:13","modified_gmt":"2025-10-17T09:46:13","slug":"la-perfection-collagene-et-vitamin-c","status":"publish","type":"product","link":"https:\/\/drburgener.com\/fr\/product\/la-perfection-collagene-et-vitamin-c\/","title":{"rendered":"La Perfection Collag\u00e8ne et Vitamin C"},"content":{"rendered":"<p>D\u00e9couvrez l&rsquo;\u00e9clat de votre peau avec la gamme Collag\u00e8ne Vitamine C Perfection de Dr Burgener Switzerland.<\/p>\n<p>Nos traitements uniques et activateurs combinent des produits topiques et des compl\u00e9ments nutritionnels pour apporter la meilleure r\u00e9ponse aux peaux ternes et fatigu\u00e9es qui manquent de fermet\u00e9.<\/p>\n<p>Le Stick Intense au Collag\u00e8ne contient du collag\u00e8ne marin, des vitamines C et E, ainsi que du s\u00e9l\u00e9nium pour aider \u00e0 prot\u00e9ger les cellules du stress oxydatif. Il vous suffit de m\u00e9langer un stick par jour dans un verre d&rsquo;eau de 200 ml pour profiter de ses bienfaits. La Cr\u00e8me Visage Intense au Collag\u00e8ne est la solution parfaite pour les peaux en manque d&rsquo;hydratation et de fermet\u00e9 &#8211; utilisez-la le matin pour un confort optimal. La Cr\u00e8me Visage Vita C+, enrichie en vitamines C et en un peptide de perfection suisse, aide \u00e0 r\u00e9v\u00e9ler la beaut\u00e9 de votre peau gr\u00e2ce \u00e0 leur exfoliation douce et naturelle &#8211; utilisez-la le soir pour b\u00e9n\u00e9ficier au maximum de ses effets.<\/p>\n<p>Obtenez un teint parfait avec la gamme Collag\u00e8ne Vitamine C Perfection de Dr Burgener Switzerland.<\/p>\n","protected":false},"excerpt":{"rendered":"<p>Am\u00e9liorez votre routine beaut\u00e9 avec la solution La Perfection Collag\u00e8ne et Vitamine C de Dr Burgener Switzerland.<\/p>\n<p>D\u00e9couvrez la radiance naturelle de votre peau et profitez des bienfaits des vitamines. Avec les Sticks Collag\u00e8ne, la Cr\u00e8me Visage Intense au Collag\u00e8ne (50ml) et la Cr\u00e8me Visage Vita C+ (50ml).<\/p>\n","protected":false},"featured_media":7525,"template":"","meta":{"_acf_changed":false},"product_brand":[],"product_cat":[58,42],"product_tag":[],"class_list":{"0":"post-1162","1":"product","2":"type-product","3":"status-publish","4":"has-post-thumbnail","6":"product_cat-coffret","7":"product_cat-soins-visage-de-luxe","9":"first","10":"instock","11":"taxable","12":"shipping-taxable","13":"purchasable","14":"product-type-simple"},"acf":[],"_links":{"self":[{"href":"https:\/\/drburgener.com\/fr\/wp-json\/wp\/v2\/product\/1162","targetHints":{"allow":["GET"]}}],"collection":[{"href":"https:\/\/drburgener.com\/fr\/wp-json\/wp\/v2\/product"}],"about":[{"href":"https:\/\/drburgener.com\/fr\/wp-json\/wp\/v2\/types\/product"}],"wp:featuredmedia":[{"embeddable":true,"href":"https:\/\/drburgener.com\/fr\/wp-json\/wp\/v2\/media\/7525"}],"wp:attachment":[{"href":"https:\/\/drburgener.com\/fr\/wp-json\/wp\/v2\/media?parent=1162"}],"wp:term":[{"taxonomy":"product_brand","embeddable":true,"href":"https:\/\/drburgener.com\/fr\/wp-json\/wp\/v2\/product_brand?post=1162"},{"taxonomy":"product_cat","embeddable":true,"href":"https:\/\/drburgener.com\/fr\/wp-json\/wp\/v2\/product_cat?post=1162"},{"taxonomy":"product_tag","embeddable":true,"href":"https:\/\/drburgener.com\/fr\/wp-json\/wp\/v2\/product_tag?post=1162"}],"curies":[{"name":"wp","href":"https:\/\/api.w.org\/{rel}","templated":true}]}}