{"id":7750,"date":"2025-05-07T10:31:15","date_gmt":"2025-05-07T08:31:15","guid":{"rendered":"https:\/\/drburgener.com\/?post_type=product&#038;p=7750"},"modified":"2025-10-17T11:46:09","modified_gmt":"2025-10-17T09:46:09","slug":"collection-le-soleil-de-cannes","status":"publish","type":"product","link":"https:\/\/drburgener.com\/fr\/product\/collection-le-soleil-de-cannes\/","title":{"rendered":"Collection Perles Vita C Intense"},"content":{"rendered":"<p class=\"p1\">La Collection Perles Vita C Intense offre une protection antioxydante puissante dans un format luxueux et pratique pour le voyage. Ce coffret contient 3 tubes de 7 perles chacun de Vitamine C stabilis\u00e9e avec activateurs, associ\u00e9s \u00e0 notre Cr\u00e8me Visage Vita C+ (15ml).<\/p>\n<p class=\"p1\">Le syst\u00e8me de distribution en perles pr\u00e9serve une efficacit\u00e9 maximale jusqu\u2019\u00e0 l\u2019activation, garantissant des r\u00e9sultats sup\u00e9rieurs.<\/p>\n<p class=\"p1\">La technologie d\u2019encapsulation de Dr Burgener Switzerland, pr\u00e9serve la Vitamine C dans sa forme la plus puissante jusqu\u2019\u00e0 l\u2019activation. Le format en perles emp\u00eache l\u2019oxydation et la d\u00e9gradation, offrant une efficacit\u00e9 maximale lors de l\u2019application.<\/p>\n","protected":false},"excerpt":{"rendered":"<p>Un traitement complet \u00e0 la Vitamine C avec des perles concentr\u00e9es et une cr\u00e8me activante pour une protection \u00e9clatante.<\/p>\n","protected":false},"featured_media":7898,"template":"","meta":{"_acf_changed":false,"_monsterinsights_skip_tracking":false,"_monsterinsights_sitenote_active":false,"_monsterinsights_sitenote_note":"","_monsterinsights_sitenote_category":0},"product_brand":[],"product_cat":[299,301,256,41],"product_tag":[],"class_list":{"0":"post-7750","1":"product","2":"type-product","3":"status-publish","4":"has-post-thumbnail","6":"product_cat-teint-terne","7":"product_cat-hyperpigmentation","8":"product_cat-soins-eclat-a-la-vitamine-c-de-luxe","9":"product_cat-peau-hyperpigmentee","11":"first","12":"instock","13":"taxable","14":"shipping-taxable","15":"purchasable","16":"product-type-simple"},"acf":[],"_links":{"self":[{"href":"https:\/\/drburgener.com\/fr\/wp-json\/wp\/v2\/product\/7750","targetHints":{"allow":["GET"]}}],"collection":[{"href":"https:\/\/drburgener.com\/fr\/wp-json\/wp\/v2\/product"}],"about":[{"href":"https:\/\/drburgener.com\/fr\/wp-json\/wp\/v2\/types\/product"}],"wp:featuredmedia":[{"embeddable":true,"href":"https:\/\/drburgener.com\/fr\/wp-json\/wp\/v2\/media\/7898"}],"wp:attachment":[{"href":"https:\/\/drburgener.com\/fr\/wp-json\/wp\/v2\/media?parent=7750"}],"wp:term":[{"taxonomy":"product_brand","embeddable":true,"href":"https:\/\/drburgener.com\/fr\/wp-json\/wp\/v2\/product_brand?post=7750"},{"taxonomy":"product_cat","embeddable":true,"href":"https:\/\/drburgener.com\/fr\/wp-json\/wp\/v2\/product_cat?post=7750"},{"taxonomy":"product_tag","embeddable":true,"href":"https:\/\/drburgener.com\/fr\/wp-json\/wp\/v2\/product_tag?post=7750"}],"curies":[{"name":"wp","href":"https:\/\/api.w.org\/{rel}","templated":true}]}}