{"id":8305,"date":"2025-12-03T09:43:00","date_gmt":"2025-12-03T08:43:00","guid":{"rendered":"https:\/\/drburgener.com\/?post_type=product&#038;p=8305"},"modified":"2026-02-11T10:29:06","modified_gmt":"2026-02-11T09:29:06","slug":"ma-collection-de-peau","status":"publish","type":"product","link":"https:\/\/drburgener.com\/fr\/product\/ma-collection-de-peau\/","title":{"rendered":"Ma collection de peau"},"content":{"rendered":"<div>CONTIENT :<\/div>\n<div><\/div>\n<div>Lait d\u00e9maquillant 30 ml<\/div>\n<div>Lotion tonique florale 30 ml<\/div>\n<div>Cr\u00e8me visage Green Caviar 15 ml<\/div>\n<div>Cr\u00e8me visage Hydra Balance 15 ml<\/div>\n<div>Cr\u00e8me visage Collag\u00e8ne Intense 15 ml<\/div>\n<div>Cr\u00e8me visage Vita C+ 15 ml<\/div>\n<div>S\u00e9rum visage Grand Cru Gold 5 ml<\/div>\n<div>S\u00e9rum visage Collag\u00e8ne Intense 5 ml<\/div>\n<div>S\u00e9rum visage HA-Xpress 5 ml<\/div>\n<div>1 masque Hydra Filler<\/div>\n<div>1 patch contour des yeux \u00e9clat<\/div>\n","protected":false},"excerpt":{"rendered":"<p>Magnifiquement con\u00e7u par le Dr. Pauline Burgener \u2013 Votre rituel de soin complet, parfaitement emball\u00e9 et pr\u00eat \u00e0 vous accompagner partout o\u00f9 la vie vous m\u00e8ne.<\/p>\n<div>Cr\u00e9\u00e9 sp\u00e9cialement pour les f\u00eates de fin d&rsquo;ann\u00e9e.<\/div>\n<div><\/div>\n<div>Cet assortiment exclusif en format voyage, pr\u00e9sent\u00e9 dans un \u00e9tui en cuir durable, est con\u00e7u pour faire d\u00e9couvrir l&rsquo;univers Dr Burgener Switzerland aux nouveaux clients et les accompagner partout avec eux.<\/div>\n","protected":false},"featured_media":8582,"template":"","meta":{"_acf_changed":false,"_monsterinsights_skip_tracking":false,"_monsterinsights_sitenote_active":false,"_monsterinsights_sitenote_note":"","_monsterinsights_sitenote_category":0},"product_brand":[],"product_cat":[309],"product_tag":[],"class_list":{"0":"post-8305","1":"product","2":"type-product","3":"status-publish","4":"has-post-thumbnail","6":"product_cat-cadeaux","8":"first","9":"instock","10":"taxable","11":"shipping-taxable","12":"purchasable","13":"product-type-simple"},"acf":[],"_links":{"self":[{"href":"https:\/\/drburgener.com\/fr\/wp-json\/wp\/v2\/product\/8305","targetHints":{"allow":["GET"]}}],"collection":[{"href":"https:\/\/drburgener.com\/fr\/wp-json\/wp\/v2\/product"}],"about":[{"href":"https:\/\/drburgener.com\/fr\/wp-json\/wp\/v2\/types\/product"}],"wp:featuredmedia":[{"embeddable":true,"href":"https:\/\/drburgener.com\/fr\/wp-json\/wp\/v2\/media\/8582"}],"wp:attachment":[{"href":"https:\/\/drburgener.com\/fr\/wp-json\/wp\/v2\/media?parent=8305"}],"wp:term":[{"taxonomy":"product_brand","embeddable":true,"href":"https:\/\/drburgener.com\/fr\/wp-json\/wp\/v2\/product_brand?post=8305"},{"taxonomy":"product_cat","embeddable":true,"href":"https:\/\/drburgener.com\/fr\/wp-json\/wp\/v2\/product_cat?post=8305"},{"taxonomy":"product_tag","embeddable":true,"href":"https:\/\/drburgener.com\/fr\/wp-json\/wp\/v2\/product_tag?post=8305"}],"curies":[{"name":"wp","href":"https:\/\/api.w.org\/{rel}","templated":true}]}}