{"id":9581,"date":"2026-05-08T17:00:40","date_gmt":"2026-05-08T15:00:40","guid":{"rendered":"https:\/\/drburgener.com\/?post_type=product&#038;p=9581"},"modified":"2026-05-08T17:00:40","modified_gmt":"2026-05-08T15:00:40","slug":"diamond-glow-serum","status":"publish","type":"product","link":"https:\/\/drburgener.com\/fr\/product\/diamond-glow-serum\/","title":{"rendered":"DIAMOND GLOW SERUM"},"content":{"rendered":"<p>Pens\u00e9 comme un soin couture, Diamond Glow Serum associe biotechnologie avanc\u00e9e et \u00e9l\u00e9gance sensorielle. Sa formule r\u00e9unit une synergie d\u2019actifs puissants : poudre de diamant v\u00e9ritable, exosomes bleus, peptides biomim\u00e9tiques, complexe Novoretin \u00e0 effet r\u00e9tinol-like et syst\u00e8me d\u2019acide hyaluronique double. Ensemble, ces actifs forment un protocole anti-\u00e2ge complet en un seul s\u00e9rum d\u2019exception.<\/p>\n<p>La poudre de diamant ultrafine capte et refl\u00e8te la lumi\u00e8re pour sublimer imm\u00e9diatement l\u2019\u00e9clat du teint. Les cellules de jasmin indien, inspir\u00e9es de traditions botaniques sacr\u00e9es, agissent la nuit pour favoriser la d\u00e9toxification et r\u00e9v\u00e9ler une peau plus lumineuse et repos\u00e9e. Les exosomes bleus offrent une protection antioxydante et photo-protectrice avanc\u00e9e contre les agressions ext\u00e9rieures. Le complexe Novoretin agit comme une alternative au r\u00e9tinol sans irritation, am\u00e9liorant la texture de la peau et att\u00e9nuant les signes visibles de l\u2019\u00e2ge. Un peptide biomim\u00e9tique stimule le renouvellement cellulaire nocturne, tandis que l\u2019acide hyaluronique double assure une hydratation profonde et durable \u00e0 plusieurs niveaux de la peau.<\/p>\n<p>Diamond Glow Serum est une cr\u00e9ation skincare ultra-exclusive disponible en pr\u00e9commande avec un d\u00e9lai de production et de livraison de 3 mois, renfor\u00e7ant son positionnement rare et luxueux.<\/p>\n","protected":false},"excerpt":{"rendered":"<p>Diamond Glow Serum est un s\u00e9rum anti-\u00e2ge de luxe exclusif, con\u00e7u selon une approche inspir\u00e9e de l\u2019excellence et du savoir-faire des maisons les plus prestigieuses de la haute cosm\u00e9tique. V\u00e9ritable cr\u00e9ation skincare d\u2019exception, il incarne la raret\u00e9, la sophistication et l\u2019innovation scientifique de pointe.<\/p>\n","protected":false},"featured_media":9509,"template":"","meta":{"_acf_changed":false,"_monsterinsights_skip_tracking":false,"_monsterinsights_sitenote_active":false,"_monsterinsights_sitenote_note":"","_monsterinsights_sitenote_category":0},"product_brand":[],"product_cat":[16],"product_tag":[],"class_list":{"0":"post-9581","1":"product","2":"type-product","3":"status-publish","4":"has-post-thumbnail","6":"product_cat-non-classe","8":"first","9":"instock","10":"taxable","11":"shipping-taxable","12":"product-type-simple"},"acf":[],"_links":{"self":[{"href":"https:\/\/drburgener.com\/fr\/wp-json\/wp\/v2\/product\/9581","targetHints":{"allow":["GET"]}}],"collection":[{"href":"https:\/\/drburgener.com\/fr\/wp-json\/wp\/v2\/product"}],"about":[{"href":"https:\/\/drburgener.com\/fr\/wp-json\/wp\/v2\/types\/product"}],"wp:featuredmedia":[{"embeddable":true,"href":"https:\/\/drburgener.com\/fr\/wp-json\/wp\/v2\/media\/9509"}],"wp:attachment":[{"href":"https:\/\/drburgener.com\/fr\/wp-json\/wp\/v2\/media?parent=9581"}],"wp:term":[{"taxonomy":"product_brand","embeddable":true,"href":"https:\/\/drburgener.com\/fr\/wp-json\/wp\/v2\/product_brand?post=9581"},{"taxonomy":"product_cat","embeddable":true,"href":"https:\/\/drburgener.com\/fr\/wp-json\/wp\/v2\/product_cat?post=9581"},{"taxonomy":"product_tag","embeddable":true,"href":"https:\/\/drburgener.com\/fr\/wp-json\/wp\/v2\/product_tag?post=9581"}],"curies":[{"name":"wp","href":"https:\/\/api.w.org\/{rel}","templated":true}]}}