{"id":9582,"date":"2026-05-08T17:02:38","date_gmt":"2026-05-08T15:02:38","guid":{"rendered":"https:\/\/drburgener.com\/?post_type=product&#038;p=9582"},"modified":"2026-05-08T17:02:39","modified_gmt":"2026-05-08T15:02:39","slug":"rose-de-caroline-face-serum","status":"publish","type":"product","link":"https:\/\/drburgener.com\/fr\/product\/rose-de-caroline-face-serum\/","title":{"rendered":"ROSE DE CAROLINE FACE SERUM"},"content":{"rendered":"<p>Sa formule associe une synergie puissante d\u2019actifs hautement performants :\u00a0<strong>cellules de rose de Damas, poudre d\u2019am\u00e9thyste, technologie marine filler et complexe d\u2019acide hyaluronique triple<\/strong>, agissant ensemble pour corriger les signes visibles de l\u2019\u00e2ge et restaurer l\u2019\u00e9clat de la peau.<\/p>\n<p>La poudre d\u2019am\u00e9thyste offre un effet apaisant et purifiant imm\u00e9diat, aidant \u00e0 calmer la peau et \u00e0 raviver sa clart\u00e9 naturelle. Les\u00a0<strong>cellules de rose de Damas<\/strong>, issues d\u2019une biotechnologie \u00e9thique, agissent en profondeur dans le derme pour stimuler la r\u00e9g\u00e9n\u00e9ration cutan\u00e9e, favoriser la production de collag\u00e8ne et prot\u00e9ger sa d\u00e9gradation. Le\u00a0<strong>marine filler<\/strong>procure un effet repulpant et liftant visible en quelques minutes, att\u00e9nuant les rides et redonnant du volume au visage. Le\u00a0<strong>complexe d\u2019acide hyaluronique triple<\/strong>\u00a0(poids mol\u00e9culaires faible, moyen et \u00e9lev\u00e9) assure une hydratation compl\u00e8te \u00e0 tous les niveaux de la peau pour un effet lissant, repulpant et durable.<\/p>\n<p>Rose de Caroline Face Serum est une cr\u00e9ation skincare ultra-exclusive propos\u00e9e en pr\u00e9commande avec un d\u00e9lai de production et de livraison de 3 mois.<\/p>\n","protected":false},"excerpt":{"rendered":"<p>Le Rose de Caroline Face Serum est un s\u00e9rum anti-\u00e2ge de luxe exclusif con\u00e7u pour faire fleurir la peau comme un joyau vivant. Inspir\u00e9 par l\u2019\u00e9l\u00e9gance intemporelle de la rose et la pr\u00e9cision de la science cosm\u00e9tique suisse, ce soin d\u2019exception r\u00e9v\u00e8le une peau plus lumineuse, plus ferme et profond\u00e9ment hydrat\u00e9e \u00e0 travers un rituel sensoriel raffin\u00e9.<\/p>\n","protected":false},"featured_media":9513,"template":"","meta":{"_acf_changed":false,"_monsterinsights_skip_tracking":false,"_monsterinsights_sitenote_active":false,"_monsterinsights_sitenote_note":"","_monsterinsights_sitenote_category":0},"product_brand":[],"product_cat":[48],"product_tag":[],"class_list":{"0":"post-9582","1":"product","2":"type-product","3":"status-publish","4":"has-post-thumbnail","6":"product_cat-serums-visage-de-luxe","8":"first","9":"instock","10":"taxable","11":"shipping-taxable","12":"product-type-simple"},"acf":[],"_links":{"self":[{"href":"https:\/\/drburgener.com\/fr\/wp-json\/wp\/v2\/product\/9582","targetHints":{"allow":["GET"]}}],"collection":[{"href":"https:\/\/drburgener.com\/fr\/wp-json\/wp\/v2\/product"}],"about":[{"href":"https:\/\/drburgener.com\/fr\/wp-json\/wp\/v2\/types\/product"}],"wp:featuredmedia":[{"embeddable":true,"href":"https:\/\/drburgener.com\/fr\/wp-json\/wp\/v2\/media\/9513"}],"wp:attachment":[{"href":"https:\/\/drburgener.com\/fr\/wp-json\/wp\/v2\/media?parent=9582"}],"wp:term":[{"taxonomy":"product_brand","embeddable":true,"href":"https:\/\/drburgener.com\/fr\/wp-json\/wp\/v2\/product_brand?post=9582"},{"taxonomy":"product_cat","embeddable":true,"href":"https:\/\/drburgener.com\/fr\/wp-json\/wp\/v2\/product_cat?post=9582"},{"taxonomy":"product_tag","embeddable":true,"href":"https:\/\/drburgener.com\/fr\/wp-json\/wp\/v2\/product_tag?post=9582"}],"curies":[{"name":"wp","href":"https:\/\/api.w.org\/{rel}","templated":true}]}}