{"id":9583,"date":"2026-05-08T17:03:57","date_gmt":"2026-05-08T15:03:57","guid":{"rendered":"https:\/\/drburgener.com\/?post_type=product&#038;p=9583"},"modified":"2026-05-08T17:03:57","modified_gmt":"2026-05-08T15:03:57","slug":"rose-de-caroline-face-cream","status":"publish","type":"product","link":"https:\/\/drburgener.com\/fr\/product\/rose-de-caroline-face-cream\/","title":{"rendered":"ROSE DE CAROLINE FACE CREAM"},"content":{"rendered":"<p>Plus qu\u2019une cr\u00e8me, il s\u2019agit d\u2019un rituel de r\u00e9g\u00e9n\u00e9ration complet o\u00f9 la performance scientifique rencontre le luxe sensoriel. La peau para\u00eet plus lisse, plus ferme, intens\u00e9ment nourrie et naturellement lumineuse.<\/p>\n<p>Sa formule associe cinq actifs puissants agissant en synergie parfaite :\u00a0<strong>complexe de peptides d\u2019or, technologie marine filler, Coll-Peptide, acide hyaluronique et trio d\u2019huiles v\u00e9g\u00e9tales (jojoba, abricot, phytosqualane)<\/strong>. Ensemble, ils ciblent rides, perte de fermet\u00e9, d\u00e9shydratation et fragilit\u00e9 de la barri\u00e8re cutan\u00e9e pour une transformation anti-\u00e2ge globale.<\/p>\n<p>Le\u00a0<strong>complexe de peptides d\u2019or<\/strong>\u00a0permet une diffusion optimale des actifs anti-rides gr\u00e2ce \u00e0 de v\u00e9ritables particules d\u2019or servant de vecteur d\u2019absorption. La\u00a0<strong>technologie marine filler<\/strong>\u00a0procure un effet repulpant et liftant imm\u00e9diat, att\u00e9nuant visiblement les rides et redessinant les contours du visage en quelques minutes. Le\u00a0<strong>Coll-Peptide<\/strong>\u00a0stimule la production naturelle de collag\u00e8ne tout en prot\u00e9geant sa d\u00e9gradation, am\u00e9liorant la fermet\u00e9 et l\u2019\u00e9lasticit\u00e9 de la peau. L\u2019<strong>acide hyaluronique<\/strong>\u00a0restructure et hydrate intens\u00e9ment la peau en profondeur. Le m\u00e9lange nourrissant d\u2019<strong>huile de jojoba, huile d\u2019abricot et phytosqualane<\/strong>\u00a0renforce la barri\u00e8re cutan\u00e9e, retient l\u2019hydratation et aide \u00e0 neutraliser les radicaux libres.<\/p>\n<p>Rose de Caroline Face Cream est une cr\u00e9ation skincare de luxe exclusive, con\u00e7ue pour une performance anti-\u00e2ge avanc\u00e9e alli\u00e9e \u00e0 une exp\u00e9rience sensorielle raffin\u00e9e.<\/p>\n","protected":false},"excerpt":{"rendered":"<p>La Rose de Caroline Face Cream est une cr\u00e8me anti-\u00e2ge de luxe exclusive con\u00e7ue pour faire rayonner la peau comme un pr\u00e9cieux bijou. Inspir\u00e9e par l\u2019\u00e9l\u00e9gance \u00e9motionnelle de la rose et la science cosm\u00e9tique suisse avanc\u00e9e, cette cr\u00e8me d\u2019exception offre une r\u00e9g\u00e9n\u00e9ration visible, une hydratation intense et une fermet\u00e9 durable.<\/p>\n","protected":false},"featured_media":9511,"template":"","meta":{"_acf_changed":false,"_monsterinsights_skip_tracking":false,"_monsterinsights_sitenote_active":false,"_monsterinsights_sitenote_note":"","_monsterinsights_sitenote_category":0},"product_brand":[],"product_cat":[49],"product_tag":[],"class_list":{"0":"post-9583","1":"product","2":"type-product","3":"status-publish","4":"has-post-thumbnail","6":"product_cat-cremes-visage-de-luxe","8":"first","9":"instock","10":"taxable","11":"shipping-taxable","12":"product-type-simple"},"acf":[],"_links":{"self":[{"href":"https:\/\/drburgener.com\/fr\/wp-json\/wp\/v2\/product\/9583","targetHints":{"allow":["GET"]}}],"collection":[{"href":"https:\/\/drburgener.com\/fr\/wp-json\/wp\/v2\/product"}],"about":[{"href":"https:\/\/drburgener.com\/fr\/wp-json\/wp\/v2\/types\/product"}],"wp:featuredmedia":[{"embeddable":true,"href":"https:\/\/drburgener.com\/fr\/wp-json\/wp\/v2\/media\/9511"}],"wp:attachment":[{"href":"https:\/\/drburgener.com\/fr\/wp-json\/wp\/v2\/media?parent=9583"}],"wp:term":[{"taxonomy":"product_brand","embeddable":true,"href":"https:\/\/drburgener.com\/fr\/wp-json\/wp\/v2\/product_brand?post=9583"},{"taxonomy":"product_cat","embeddable":true,"href":"https:\/\/drburgener.com\/fr\/wp-json\/wp\/v2\/product_cat?post=9583"},{"taxonomy":"product_tag","embeddable":true,"href":"https:\/\/drburgener.com\/fr\/wp-json\/wp\/v2\/product_tag?post=9583"}],"curies":[{"name":"wp","href":"https:\/\/api.w.org\/{rel}","templated":true}]}}